{"id":29358,"date":"2024-11-21T10:19:10","date_gmt":"2024-11-21T09:19:10","guid":{"rendered":"https:\/\/www.engrenages.eu\/compagnonnages\/"},"modified":"2026-02-10T12:03:47","modified_gmt":"2026-02-10T11:03:47","slug":"companions","status":"publish","type":"page","link":"https:\/\/www.engrenages.eu\/en\/companions\/","title":{"rendered":"Companionships"},"content":{"rendered":"<div id=\"cmsmasters_row_30zpuezwur\" class=\"cmsmasters_row cmsmasters_color_scheme_default cmsmasters_row_top_default cmsmasters_row_bot_default cmsmasters_row_boxed\">\n<div class=\"cmsmasters_row_outer_parent\">\n<div class=\"cmsmasters_row_outer\">\n<div class=\"cmsmasters_row_inner\">\n<div class=\"cmsmasters_row_margin\">\n<div id=\"cmsmasters_column_oy14rim0q\" class=\"cmsmasters_column one_first\">\n<div class=\"cmsmasters_column_inner\"><div id=\"cmsmasters_heading_d3cdld0z6\" class=\"cmsmasters_heading_wrap cmsmasters_heading_align_left\">\n\t<h2 class=\"cmsmasters_heading\">Engrenage[s] also offers artists and companies a companionship package.<\/h2>\n<\/div><div id=\"cmsmasters_fb_scuzfgwjmi\" class=\"cmsmasters_featured_block\">\n<div class=\"featured_block_inner\">\n<div class=\"featured_block_text\">\n<p>Without ente\u00adring into the cata\u00adlogue of shows offe\u00adred for dis\u00adtri\u00adbu\u00adtion, Engrenage[s] assists them with admi\u00adnis\u00adtra\u00adtive pro\u00adce\u00addures (employ\u00adment contracts, sala\u00adries) and pro\u00adduc\u00adtion (bud\u00adge\u00adting, fun\u00adding appli\u00adca\u00adtions, contrac\u00adting and invoi\u00adcing with pro\u00adgram\u00adming orga\u00adni\u00adsa\u00adtions, etc.).<\/p>\n<p>Although Engrenage[s] does not have the capa\u00adci\u00adty to sup\u00adport all pro\u00adjects at all levels, we are com\u00admit\u00adted to par\u00adti\u00adci\u00adpa\u00adting in the deve\u00adlop\u00adment of culture and the deploy\u00adment of shows. We believe that sha\u00adring exper\u00adtise and advice is one of the key roles of a pro\u00adduc\u00adtion office. We the\u00adre\u00adfore strive to offer the ideal sup\u00adport based on the needs and resources avai\u00adlable.<\/p>\n\n<\/div>\n<\/div>\n<\/div>\n<\/div><\/div>\n<\/div>\n<\/div>\n<\/div>\n<\/div>\n<\/div>\n<div id=\"cmsmasters_row_omb7hjg6rb\" class=\"cmsmasters_row cmsmasters_color_scheme_default cmsmasters_row_top_default cmsmasters_row_bot_default cmsmasters_row_boxed\">\n<div class=\"cmsmasters_row_outer_parent\">\n<div class=\"cmsmasters_row_outer\">\n<div class=\"cmsmasters_row_inner\">\n<div class=\"cmsmasters_row_margin\">\n<div id=\"cmsmasters_column_bsmvd5o8gn\" class=\"cmsmasters_column one_first\">\n<div class=\"cmsmasters_column_inner\">\n<div id=\"cmsmasters_profile_69ec76d31889f\" class=\"cmsmasters_profile horizontal\">\n<!-- Start Profile Horizontal Article -->\n<article id=\"post-29332\" class=\"cmsmasters_profile_horizontal one_fourth post-29332 profile type-profile status-publish has-post-thumbnail hentry pl-categs-compagnonnages\">\n\t<div class=\"profile_outer\">\n\t<div class=\"cmsmasters_profile_img_wrap\"><div class=\"profile_social_icons\"><ul class=\"profile_social_icons_list\"><li><a href=\"https:\/\/www.instagram.com\/as.cie\/\" class=\"cmsmasters_social_icon cmsmasters_social_icon_lsjo827ztp_1 cmsmasters-icon-instagram\" title target=\"_blank\"><\/a><\/li><li><a href=\"https:\/\/www.facebook.com\/profile.php?id=61570041973851&amp;rdid=ZHXpFxIxwrF6LPCf&amp;share_url=https%3A%2F%2Fwww.facebook.com%2Fshare%2F17tHdSLcwe%2F#\" class=\"cmsmasters_social_icon cmsmasters_social_icon_lsjo827ztp_2 cmsmasters-icon-facebook-squared\" title><\/a><\/li><\/ul><\/div><figure class=\"cmsmasters_img_rollover_wrap preloader\"><img loading=\"lazy\" decoding=\"async\" width=\"300\" height=\"274\" src=\"https:\/\/www.engrenages.eu\/wp-content\/uploads\/2024\/05\/Capture-decran-2024-05-17-170822-300x274.png\" class=\"full-width wp-post-image\" alt=\"AS Compagnie\" title=\"Capture d'\u00e9cran 2024-05-17 170822\"><div class=\"cmsmasters_img_rollover\"><a href=\"https:\/\/www.engrenages.eu\/en\/profil\/ascompagnie\/\" title=\"AS Compagnie\" class=\"cmsmasters_open_post_link cmsmasters_theme_icon_post_link\"><\/a><\/div><\/figure><\/div><div class=\"profile_inner\"><header class=\"cmsmasters_profile_header entry-header\"><h4 class=\"cmsmasters_profile_title entry-title\"><a href=\"https:\/\/www.engrenages.eu\/en\/profil\/ascompagnie\/\">AS Compagnie<\/a><\/h4><h6 class=\"cmsmasters_profile_subtitle\">Danse<\/h6><\/header><\/div>\t<\/div>\n<\/article>\n<!-- Finish Profile Horizontal Article -->\n\n<!-- Start Profile Horizontal Article -->\n<article id=\"post-29443\" class=\"cmsmasters_profile_horizontal one_fourth post-29443 profile type-profile status-publish has-post-thumbnail hentry pl-categs-compagnonnages\">\n\t<div class=\"profile_outer\">\n\t<div class=\"cmsmasters_profile_img_wrap\"><div class=\"profile_social_icons\"><ul class=\"profile_social_icons_list\"><li><a href=\"https:\/\/www.instagram.com\/johanna_rocard\/\" class=\"cmsmasters_social_icon cmsmasters_social_icon_lsjo827ztp_1 cmsmasters-icon-custom-instagram\" title><\/a><\/li><li><a href=\"https:\/\/www.facebook.com\/johanna.rocard\" class=\"cmsmasters_social_icon cmsmasters_social_icon_lsjo827ztp_2 cmsmasters-icon-facebook-3\" title><\/a><\/li><\/ul><\/div><figure class=\"cmsmasters_img_rollover_wrap preloader\"><img loading=\"lazy\" decoding=\"async\" width=\"300\" height=\"300\" src=\"https:\/\/www.engrenages.eu\/wp-content\/uploads\/2024\/12\/Capture-decran-2024-12-11-121805-300x300.png\" class=\"full-width wp-post-image\" alt=\"Brave Compagnie\" title=\"Capture d'\u00e9cran 2024-12-11 121805\" srcset=\"https:\/\/www.engrenages.eu\/wp-content\/uploads\/2024\/12\/Capture-decran-2024-12-11-121805-300x300.png 300w, https:\/\/www.engrenages.eu\/wp-content\/uploads\/2024\/12\/Capture-decran-2024-12-11-121805-150x150.png 150w, https:\/\/www.engrenages.eu\/wp-content\/uploads\/2024\/12\/Capture-decran-2024-12-11-121805-70x70.png 70w, https:\/\/www.engrenages.eu\/wp-content\/uploads\/2024\/12\/Capture-decran-2024-12-11-121805-360x360.png 360w\" sizes=\"auto, (max-width: 300px) 100vw, 300px\"><div class=\"cmsmasters_img_rollover\"><a href=\"https:\/\/www.engrenages.eu\/en\/profil\/bravecompagnie\/\" title=\"Brave Compagnie\" class=\"cmsmasters_open_post_link cmsmasters_theme_icon_post_link\"><\/a><\/div><\/figure><\/div><div class=\"profile_inner\"><header class=\"cmsmasters_profile_header entry-header\"><h4 class=\"cmsmasters_profile_title entry-title\"><a href=\"https:\/\/www.engrenages.eu\/en\/profil\/bravecompagnie\/\">Brave Compagnie<\/a><\/h4><h6 class=\"cmsmasters_profile_subtitle\">Actes chor\u00e9graphiques et artistiques<\/h6><\/header><\/div>\t<\/div>\n<\/article>\n<!-- Finish Profile Horizontal Article -->\n\n<!-- Start Profile Horizontal Article -->\n<article id=\"post-29335\" class=\"cmsmasters_profile_horizontal one_fourth post-29335 profile type-profile status-publish has-post-thumbnail hentry pl-categs-compagnonnages\">\n\t<div class=\"profile_outer\">\n\t<div class=\"cmsmasters_profile_img_wrap\"><div class=\"profile_social_icons\"><ul class=\"profile_social_icons_list\"><li><a href=\"https:\/\/www.facebook.com\/jordan.philippe.33\" class=\"cmsmasters_social_icon cmsmasters_social_icon_lsjo827ztp_1 cmsmasters-icon-facebook-squared\" title target=\"_blank\"><\/a><\/li><li><a href=\"https:\/\/www.instagram.com\/jophilippe\/\" class=\"cmsmasters_social_icon cmsmasters_social_icon_lsjo827ztp_2 cmsmasters-icon-instagram\" title target=\"_blank\"><\/a><\/li><\/ul><\/div><figure class=\"cmsmasters_img_rollover_wrap preloader\"><img loading=\"lazy\" decoding=\"async\" width=\"300\" height=\"300\" src=\"https:\/\/www.engrenages.eu\/wp-content\/uploads\/2024\/03\/Every-Day-In-June_Photo-de-lartiste-CHOIX-21-300x300.jpg\" class=\"full-width wp-post-image\" alt=\"EVERY DAY IN JUNE\" title=\"jordan\" srcset=\"https:\/\/www.engrenages.eu\/wp-content\/uploads\/2024\/03\/Every-Day-In-June_Photo-de-lartiste-CHOIX-21-300x300.jpg 300w, https:\/\/www.engrenages.eu\/wp-content\/uploads\/2024\/03\/Every-Day-In-June_Photo-de-lartiste-CHOIX-21-150x150.jpg 150w, https:\/\/www.engrenages.eu\/wp-content\/uploads\/2024\/03\/Every-Day-In-June_Photo-de-lartiste-CHOIX-21-70x70.jpg 70w, https:\/\/www.engrenages.eu\/wp-content\/uploads\/2024\/03\/Every-Day-In-June_Photo-de-lartiste-CHOIX-21-360x360.jpg 360w, https:\/\/www.engrenages.eu\/wp-content\/uploads\/2024\/03\/Every-Day-In-June_Photo-de-lartiste-CHOIX-21-580x580.jpg 580w\" sizes=\"auto, (max-width: 300px) 100vw, 300px\"><div class=\"cmsmasters_img_rollover\"><a href=\"https:\/\/www.engrenages.eu\/en\/profil\/every-day-in-june\/\" title=\"EVERY DAY IN JUNE\" class=\"cmsmasters_open_post_link cmsmasters_theme_icon_post_link\"><\/a><\/div><\/figure><\/div><div class=\"profile_inner\"><header class=\"cmsmasters_profile_header entry-header\"><h4 class=\"cmsmasters_profile_title entry-title\"><a href=\"https:\/\/www.engrenages.eu\/en\/profil\/every-day-in-june\/\">EVERY DAY IN JUNE<\/a><\/h4><h6 class=\"cmsmasters_profile_subtitle\">Musique et Vid\u00e9o <\/h6><\/header><\/div>\t<\/div>\n<\/article>\n<!-- Finish Profile Horizontal Article -->\n\n<!-- Start Profile Horizontal Article -->\n<article id=\"post-29413\" class=\"cmsmasters_profile_horizontal one_fourth post-29413 profile type-profile status-publish has-post-thumbnail hentry pl-categs-compagnonnages\">\n\t<div class=\"profile_outer\">\n\t<div class=\"cmsmasters_profile_img_wrap\"><figure class=\"cmsmasters_img_rollover_wrap preloader\"><img loading=\"lazy\" decoding=\"async\" width=\"300\" height=\"300\" src=\"https:\/\/www.engrenages.eu\/wp-content\/uploads\/2024\/12\/Sonnailles-300x300.png\" class=\"full-width wp-post-image\" alt=\"Sonnailles\" title=\"Sonnailles\" srcset=\"https:\/\/www.engrenages.eu\/wp-content\/uploads\/2024\/12\/Sonnailles-300x300.png 300w, https:\/\/www.engrenages.eu\/wp-content\/uploads\/2024\/12\/Sonnailles-150x150.png 150w, https:\/\/www.engrenages.eu\/wp-content\/uploads\/2024\/12\/Sonnailles-70x70.png 70w, https:\/\/www.engrenages.eu\/wp-content\/uploads\/2024\/12\/Sonnailles-360x360.png 360w, https:\/\/www.engrenages.eu\/wp-content\/uploads\/2024\/12\/Sonnailles-580x580.png 580w\" sizes=\"auto, (max-width: 300px) 100vw, 300px\"><div class=\"cmsmasters_img_rollover\"><a href=\"https:\/\/www.engrenages.eu\/en\/profil\/sonnailles\/\" title=\"Sonnailles\" class=\"cmsmasters_open_post_link cmsmasters_theme_icon_post_link\"><\/a><\/div><\/figure><\/div><div class=\"profile_inner\"><header class=\"cmsmasters_profile_header entry-header\"><h4 class=\"cmsmasters_profile_title entry-title\"><a href=\"https:\/\/www.engrenages.eu\/en\/profil\/sonnailles\/\">Sonnailles<\/a><\/h4><h6 class=\"cmsmasters_profile_subtitle\">Cort\u00e8ge pour la rue<\/h6><\/header><\/div>\t<\/div>\n<\/article>\n<!-- Finish Profile Horizontal Article -->\n\n<!-- Start Profile Horizontal Article -->\n<article id=\"post-29436\" class=\"cmsmasters_profile_horizontal one_fourth post-29436 profile type-profile status-publish has-post-thumbnail hentry pl-categs-compagnonnages\">\n\t<div class=\"profile_outer\">\n\t<div class=\"cmsmasters_profile_img_wrap\"><div class=\"profile_social_icons\"><ul class=\"profile_social_icons_list\"><li><a href=\"https:\/\/www.facebook.com\/soulspiritchoir\/?locale=fr_FR\" class=\"cmsmasters_social_icon cmsmasters_social_icon_lsjo827ztp_1 cmsmasters-icon-facebook-squared\" title><\/a><\/li><\/ul><\/div><figure class=\"cmsmasters_img_rollover_wrap preloader\"><img loading=\"lazy\" decoding=\"async\" width=\"300\" height=\"300\" src=\"https:\/\/www.engrenages.eu\/wp-content\/uploads\/2024\/12\/SSC1-300x300.jpg\" class=\"full-width wp-post-image\" alt=\"The SoulSpirit Choir\" title=\"SSC1\" srcset=\"https:\/\/www.engrenages.eu\/wp-content\/uploads\/2024\/12\/SSC1-300x300.jpg 300w, https:\/\/www.engrenages.eu\/wp-content\/uploads\/2024\/12\/SSC1-150x150.jpg 150w, https:\/\/www.engrenages.eu\/wp-content\/uploads\/2024\/12\/SSC1-70x70.jpg 70w, https:\/\/www.engrenages.eu\/wp-content\/uploads\/2024\/12\/SSC1-360x360.jpg 360w, https:\/\/www.engrenages.eu\/wp-content\/uploads\/2024\/12\/SSC1-580x580.jpg 580w\" sizes=\"auto, (max-width: 300px) 100vw, 300px\"><div class=\"cmsmasters_img_rollover\"><a href=\"https:\/\/www.engrenages.eu\/en\/profil\/thesoulspiritchoir\/\" title=\"The SoulSpirit Choir\" class=\"cmsmasters_open_post_link cmsmasters_theme_icon_post_link\"><\/a><\/div><\/figure><\/div><div class=\"profile_inner\"><header class=\"cmsmasters_profile_header entry-header\"><h4 class=\"cmsmasters_profile_title entry-title\"><a href=\"https:\/\/www.engrenages.eu\/en\/profil\/thesoulspiritchoir\/\">The SoulSpirit Choir<\/a><\/h4><h6 class=\"cmsmasters_profile_subtitle\">Ch\u0153ur Gospel et Soul<\/h6><\/header><\/div>\t<\/div>\n<\/article>\n<!-- Finish Profile Horizontal Article -->\n\n<!-- Start Profile Horizontal Article -->\n<article id=\"post-29434\" class=\"cmsmasters_profile_horizontal one_fourth post-29434 profile type-profile status-publish has-post-thumbnail hentry pl-categs-compagnonnages\">\n\t<div class=\"profile_outer\">\n\t<div class=\"cmsmasters_profile_img_wrap\"><div class=\"profile_social_icons\"><ul class=\"profile_social_icons_list\"><li><a href=\"https:\/\/www.instagram.com\/tikiparadiseofficiel\/\" class=\"cmsmasters_social_icon cmsmasters_social_icon_lsjo827ztp_1 cmsmasters-icon-instagram\" title target=\"_blank\"><\/a><\/li><li><a href=\"https:\/\/www.facebook.com\/tikiparadiseofficial\" class=\"cmsmasters_social_icon cmsmasters_social_icon_lsjo827ztp_2 cmsmasters-icon-facebook-squared\" title><\/a><\/li><\/ul><\/div><figure class=\"cmsmasters_img_rollover_wrap preloader\"><img loading=\"lazy\" decoding=\"async\" width=\"300\" height=\"300\" src=\"https:\/\/www.engrenages.eu\/wp-content\/uploads\/2024\/06\/Photo-Groupe-Tiki-2022-300x300.jpg\" class=\"full-width wp-post-image\" alt=\"Tiki Paradise\" title=\"Photo Groupe Tiki 2022\" srcset=\"https:\/\/www.engrenages.eu\/wp-content\/uploads\/2024\/06\/Photo-Groupe-Tiki-2022-300x300.jpg 300w, https:\/\/www.engrenages.eu\/wp-content\/uploads\/2024\/06\/Photo-Groupe-Tiki-2022-1024x1024.jpg 1024w, https:\/\/www.engrenages.eu\/wp-content\/uploads\/2024\/06\/Photo-Groupe-Tiki-2022-150x150.jpg 150w, https:\/\/www.engrenages.eu\/wp-content\/uploads\/2024\/06\/Photo-Groupe-Tiki-2022-768x768.jpg 768w, https:\/\/www.engrenages.eu\/wp-content\/uploads\/2024\/06\/Photo-Groupe-Tiki-2022-1536x1536.jpg 1536w, https:\/\/www.engrenages.eu\/wp-content\/uploads\/2024\/06\/Photo-Groupe-Tiki-2022-2048x2048.jpg 2048w, https:\/\/www.engrenages.eu\/wp-content\/uploads\/2024\/06\/Photo-Groupe-Tiki-2022-70x70.jpg 70w, https:\/\/www.engrenages.eu\/wp-content\/uploads\/2024\/06\/Photo-Groupe-Tiki-2022-360x360.jpg 360w, https:\/\/www.engrenages.eu\/wp-content\/uploads\/2024\/06\/Photo-Groupe-Tiki-2022-580x580.jpg 580w, https:\/\/www.engrenages.eu\/wp-content\/uploads\/2024\/06\/Photo-Groupe-Tiki-2022-860x860.jpg 860w, https:\/\/www.engrenages.eu\/wp-content\/uploads\/2024\/06\/Photo-Groupe-Tiki-2022-1160x1160.jpg 1160w, https:\/\/www.engrenages.eu\/wp-content\/uploads\/2024\/06\/Photo-Groupe-Tiki-2022-1320x1320.jpg 1320w\" sizes=\"auto, (max-width: 300px) 100vw, 300px\"><div class=\"cmsmasters_img_rollover\"><a href=\"https:\/\/www.engrenages.eu\/en\/profil\/tikiparadise\/\" title=\"Tiki Paradise\" class=\"cmsmasters_open_post_link cmsmasters_theme_icon_post_link\"><\/a><\/div><\/figure><\/div><div class=\"profile_inner\"><header class=\"cmsmasters_profile_header entry-header\"><h4 class=\"cmsmasters_profile_title entry-title\"><a href=\"https:\/\/www.engrenages.eu\/en\/profil\/tikiparadise\/\">Tiki Paradise<\/a><\/h4><h6 class=\"cmsmasters_profile_subtitle\">Musique<\/h6><\/header><\/div>\t<\/div>\n<\/article>\n<!-- Finish Profile Horizontal Article -->\n\n<\/div>\n<\/div><\/div>\n<\/div>\n<\/div>\n<\/div>\n<\/div>\n<\/div>\n\n","protected":false},"excerpt":{"rendered":"","protected":false},"author":3,"featured_media":29330,"parent":0,"menu_order":0,"comment_status":"closed","ping_status":"closed","template":"","meta":{"wp_typography_post_enhancements_disabled":false,"footnotes":""},"class_list":["post-29358","page","type-page","status-publish","has-post-thumbnail","hentry"],"yoast_head":"<!-- This site is optimized with the Yoast SEO plugin v27.4 - https:\/\/yoast.com\/product\/yoast-seo-wordpress\/ -->\n<title>Companionships - Engrenage[s], G\u00e9n\u00e9rateur de projets artistiques \u00e0 Rennes<\/title>\n<meta name=\"robots\" content=\"index, follow, max-snippet:-1, max-image-preview:large, max-video-preview:-1\" \/>\n<link rel=\"canonical\" href=\"https:\/\/www.engrenages.eu\/en\/companions\/\" \/>\n<meta property=\"og:locale\" content=\"en_US\" \/>\n<meta property=\"og:type\" content=\"article\" \/>\n<meta property=\"og:title\" content=\"Companionships - Engrenage[s], G\u00e9n\u00e9rateur de projets artistiques \u00e0 Rennes\" \/>\n<meta property=\"og:url\" content=\"https:\/\/www.engrenages.eu\/en\/companions\/\" \/>\n<meta property=\"og:site_name\" content=\"Engrenage[s]\" \/>\n<meta property=\"article:publisher\" content=\"https:\/\/www.facebook.com\/engrenagesrennes\" \/>\n<meta property=\"article:modified_time\" content=\"2026-02-10T11:03:47+00:00\" \/>\n<meta property=\"og:image\" content=\"https:\/\/www.engrenages.eu\/wp-content\/uploads\/2024\/11\/gears-1666499_1280.jpg\" \/>\n\t<meta property=\"og:image:width\" content=\"1280\" \/>\n\t<meta property=\"og:image:height\" content=\"853\" \/>\n\t<meta property=\"og:image:type\" content=\"image\/jpeg\" \/>\n<meta name=\"twitter:card\" content=\"summary_large_image\" \/>\n<meta name=\"twitter:label1\" content=\"Est. reading time\" \/>\n\t<meta name=\"twitter:data1\" content=\"2 minutes\" \/>\n<script type=\"application\/ld+json\" class=\"yoast-schema-graph\">{\"@context\":\"https:\\\/\\\/schema.org\",\"@graph\":[{\"@type\":\"WebPage\",\"@id\":\"https:\\\/\\\/www.engrenages.eu\\\/en\\\/companions\\\/\",\"url\":\"https:\\\/\\\/www.engrenages.eu\\\/en\\\/companions\\\/\",\"name\":\"Companionships - Engrenage[s], G\u00e9n\u00e9rateur de projets artistiques \u00e0 Rennes\",\"isPartOf\":{\"@id\":\"https:\\\/\\\/www.engrenages.eu\\\/en\\\/#website\"},\"primaryImageOfPage\":{\"@id\":\"https:\\\/\\\/www.engrenages.eu\\\/en\\\/companions\\\/#primaryimage\"},\"image\":{\"@id\":\"https:\\\/\\\/www.engrenages.eu\\\/en\\\/companions\\\/#primaryimage\"},\"thumbnailUrl\":\"https:\\\/\\\/www.engrenages.eu\\\/wp-content\\\/uploads\\\/2024\\\/11\\\/gears-1666499_1280.jpg\",\"datePublished\":\"2024-11-21T09:19:10+00:00\",\"dateModified\":\"2026-02-10T11:03:47+00:00\",\"breadcrumb\":{\"@id\":\"https:\\\/\\\/www.engrenages.eu\\\/en\\\/companions\\\/#breadcrumb\"},\"inLanguage\":\"en-US\",\"potentialAction\":[{\"@type\":\"ReadAction\",\"target\":[\"https:\\\/\\\/www.engrenages.eu\\\/en\\\/companions\\\/\"]}]},{\"@type\":\"ImageObject\",\"inLanguage\":\"en-US\",\"@id\":\"https:\\\/\\\/www.engrenages.eu\\\/en\\\/companions\\\/#primaryimage\",\"url\":\"https:\\\/\\\/www.engrenages.eu\\\/wp-content\\\/uploads\\\/2024\\\/11\\\/gears-1666499_1280.jpg\",\"contentUrl\":\"https:\\\/\\\/www.engrenages.eu\\\/wp-content\\\/uploads\\\/2024\\\/11\\\/gears-1666499_1280.jpg\",\"width\":1280,\"height\":853},{\"@type\":\"BreadcrumbList\",\"@id\":\"https:\\\/\\\/www.engrenages.eu\\\/en\\\/companions\\\/#breadcrumb\",\"itemListElement\":[{\"@type\":\"ListItem\",\"position\":1,\"name\":\"Home\",\"item\":\"https:\\\/\\\/www.engrenages.eu\\\/en\\\/home\\\/\"},{\"@type\":\"ListItem\",\"position\":2,\"name\":\"Companionships\"}]},{\"@type\":\"WebSite\",\"@id\":\"https:\\\/\\\/www.engrenages.eu\\\/en\\\/#website\",\"url\":\"https:\\\/\\\/www.engrenages.eu\\\/en\\\/\",\"name\":\"Engrenage[s]\",\"description\":\"G\u00e9n\u00e9rateur de projets artistiques \u00e0 Rennes\",\"publisher\":{\"@id\":\"https:\\\/\\\/www.engrenages.eu\\\/en\\\/#organization\"},\"potentialAction\":[{\"@type\":\"SearchAction\",\"target\":{\"@type\":\"EntryPoint\",\"urlTemplate\":\"https:\\\/\\\/www.engrenages.eu\\\/en\\\/?s={search_term_string}\"},\"query-input\":{\"@type\":\"PropertyValueSpecification\",\"valueRequired\":true,\"valueName\":\"search_term_string\"}}],\"inLanguage\":\"en-US\"},{\"@type\":\"Organization\",\"@id\":\"https:\\\/\\\/www.engrenages.eu\\\/en\\\/#organization\",\"name\":\"Engrenage[s]\",\"url\":\"https:\\\/\\\/www.engrenages.eu\\\/en\\\/\",\"logo\":{\"@type\":\"ImageObject\",\"inLanguage\":\"en-US\",\"@id\":\"https:\\\/\\\/www.engrenages.eu\\\/en\\\/#\\\/schema\\\/logo\\\/image\\\/\",\"url\":\"https:\\\/\\\/www.engrenages.eu\\\/wp-content\\\/uploads\\\/2017\\\/08\\\/logo-retina.png\",\"contentUrl\":\"https:\\\/\\\/www.engrenages.eu\\\/wp-content\\\/uploads\\\/2017\\\/08\\\/logo-retina.png\",\"width\":400,\"height\":100,\"caption\":\"Engrenage[s]\"},\"image\":{\"@id\":\"https:\\\/\\\/www.engrenages.eu\\\/en\\\/#\\\/schema\\\/logo\\\/image\\\/\"},\"sameAs\":[\"https:\\\/\\\/www.facebook.com\\\/engrenagesrennes\",\"https:\\\/\\\/www.instagram.com\\\/engrenages_rennes\\\/\",\"https:\\\/\\\/www.youtube.com\\\/user\\\/compagnieengrenage\"]}]}<\/script>\n<!-- \/ Yoast SEO plugin. -->","yoast_head_json":{"title":"Companionships - Engrenage[s], G\u00e9n\u00e9rateur de projets artistiques \u00e0 Rennes","robots":{"index":"index","follow":"follow","max-snippet":"max-snippet:-1","max-image-preview":"max-image-preview:large","max-video-preview":"max-video-preview:-1"},"canonical":"https:\/\/www.engrenages.eu\/en\/companions\/","og_locale":"en_US","og_type":"article","og_title":"Companionships - Engrenage[s], G\u00e9n\u00e9rateur de projets artistiques \u00e0 Rennes","og_url":"https:\/\/www.engrenages.eu\/en\/companions\/","og_site_name":"Engrenage[s]","article_publisher":"https:\/\/www.facebook.com\/engrenagesrennes","article_modified_time":"2026-02-10T11:03:47+00:00","og_image":[{"width":1280,"height":853,"url":"https:\/\/www.engrenages.eu\/wp-content\/uploads\/2024\/11\/gears-1666499_1280.jpg","type":"image\/jpeg"}],"twitter_card":"summary_large_image","twitter_misc":{"Est. reading time":"2 minutes"},"schema":{"@context":"https:\/\/schema.org","@graph":[{"@type":"WebPage","@id":"https:\/\/www.engrenages.eu\/en\/companions\/","url":"https:\/\/www.engrenages.eu\/en\/companions\/","name":"Companionships - Engrenage[s], G\u00e9n\u00e9rateur de projets artistiques \u00e0 Rennes","isPartOf":{"@id":"https:\/\/www.engrenages.eu\/en\/#website"},"primaryImageOfPage":{"@id":"https:\/\/www.engrenages.eu\/en\/companions\/#primaryimage"},"image":{"@id":"https:\/\/www.engrenages.eu\/en\/companions\/#primaryimage"},"thumbnailUrl":"https:\/\/www.engrenages.eu\/wp-content\/uploads\/2024\/11\/gears-1666499_1280.jpg","datePublished":"2024-11-21T09:19:10+00:00","dateModified":"2026-02-10T11:03:47+00:00","breadcrumb":{"@id":"https:\/\/www.engrenages.eu\/en\/companions\/#breadcrumb"},"inLanguage":"en-US","potentialAction":[{"@type":"ReadAction","target":["https:\/\/www.engrenages.eu\/en\/companions\/"]}]},{"@type":"ImageObject","inLanguage":"en-US","@id":"https:\/\/www.engrenages.eu\/en\/companions\/#primaryimage","url":"https:\/\/www.engrenages.eu\/wp-content\/uploads\/2024\/11\/gears-1666499_1280.jpg","contentUrl":"https:\/\/www.engrenages.eu\/wp-content\/uploads\/2024\/11\/gears-1666499_1280.jpg","width":1280,"height":853},{"@type":"BreadcrumbList","@id":"https:\/\/www.engrenages.eu\/en\/companions\/#breadcrumb","itemListElement":[{"@type":"ListItem","position":1,"name":"Home","item":"https:\/\/www.engrenages.eu\/en\/home\/"},{"@type":"ListItem","position":2,"name":"Companionships"}]},{"@type":"WebSite","@id":"https:\/\/www.engrenages.eu\/en\/#website","url":"https:\/\/www.engrenages.eu\/en\/","name":"Engrenage[s]","description":"G\u00e9n\u00e9rateur de projets artistiques \u00e0 Rennes","publisher":{"@id":"https:\/\/www.engrenages.eu\/en\/#organization"},"potentialAction":[{"@type":"SearchAction","target":{"@type":"EntryPoint","urlTemplate":"https:\/\/www.engrenages.eu\/en\/?s={search_term_string}"},"query-input":{"@type":"PropertyValueSpecification","valueRequired":true,"valueName":"search_term_string"}}],"inLanguage":"en-US"},{"@type":"Organization","@id":"https:\/\/www.engrenages.eu\/en\/#organization","name":"Engrenage[s]","url":"https:\/\/www.engrenages.eu\/en\/","logo":{"@type":"ImageObject","inLanguage":"en-US","@id":"https:\/\/www.engrenages.eu\/en\/#\/schema\/logo\/image\/","url":"https:\/\/www.engrenages.eu\/wp-content\/uploads\/2017\/08\/logo-retina.png","contentUrl":"https:\/\/www.engrenages.eu\/wp-content\/uploads\/2017\/08\/logo-retina.png","width":400,"height":100,"caption":"Engrenage[s]"},"image":{"@id":"https:\/\/www.engrenages.eu\/en\/#\/schema\/logo\/image\/"},"sameAs":["https:\/\/www.facebook.com\/engrenagesrennes","https:\/\/www.instagram.com\/engrenages_rennes\/","https:\/\/www.youtube.com\/user\/compagnieengrenage"]}]}},"_links":{"self":[{"href":"https:\/\/www.engrenages.eu\/en\/wp-json\/wp\/v2\/pages\/29358","targetHints":{"allow":["GET"]}}],"collection":[{"href":"https:\/\/www.engrenages.eu\/en\/wp-json\/wp\/v2\/pages"}],"about":[{"href":"https:\/\/www.engrenages.eu\/en\/wp-json\/wp\/v2\/types\/page"}],"author":[{"embeddable":true,"href":"https:\/\/www.engrenages.eu\/en\/wp-json\/wp\/v2\/users\/3"}],"replies":[{"embeddable":true,"href":"https:\/\/www.engrenages.eu\/en\/wp-json\/wp\/v2\/comments?post=29358"}],"version-history":[{"count":1,"href":"https:\/\/www.engrenages.eu\/en\/wp-json\/wp\/v2\/pages\/29358\/revisions"}],"predecessor-version":[{"id":30578,"href":"https:\/\/www.engrenages.eu\/en\/wp-json\/wp\/v2\/pages\/29358\/revisions\/30578"}],"wp:featuredmedia":[{"embeddable":true,"href":"https:\/\/www.engrenages.eu\/en\/wp-json\/wp\/v2\/media\/29330"}],"wp:attachment":[{"href":"https:\/\/www.engrenages.eu\/en\/wp-json\/wp\/v2\/media?parent=29358"}],"curies":[{"name":"wp","href":"https:\/\/api.w.org\/{rel}","templated":true}]}}