{"id":26008,"date":"2015-04-15T14:00:43","date_gmt":"2015-04-15T12:00:43","guid":{"rendered":"https:\/\/www.engrenages.eu\/?page_id=26008"},"modified":"2023-01-17T19:19:46","modified_gmt":"2023-01-17T18:19:46","slug":"partners","status":"publish","type":"page","link":"https:\/\/www.engrenages.eu\/en\/partners\/","title":{"rendered":"Partners"},"content":{"rendered":"<div id=\"cmsmasters_row_661f1d81e9\" class=\"cmsmasters_row cmsmasters_color_scheme_default cmsmasters_row_top_default cmsmasters_row_bot_default cmsmasters_row_boxed\">\n<div class=\"cmsmasters_row_outer_parent\">\n<div class=\"cmsmasters_row_outer\">\n<div class=\"cmsmasters_row_inner\">\n<div class=\"cmsmasters_row_margin\">\n<div id=\"cmsmasters_column_354aff1891\" class=\"cmsmasters_column one_first\">\n<div class=\"cmsmasters_column_inner\"><div id=\"cmsmasters_heading_3k05118yxy\" class=\"cmsmasters_heading_wrap cmsmasters_heading_align_center\">\n\t<h2 class=\"cmsmasters_heading\">Partenaires institutionnels<\/h2>\n<\/div><div class=\"aligncenter\"><div class=\"cmsmasters_img  cmsmasters_image_c\"><img decoding=\"async\" src=\"https:\/\/www.engrenages.eu\/wp-content\/uploads\/2015\/04\/separator.png\" alt=\"separator\"><\/div><\/div>\n<\/div><\/div>\n<\/div>\n<\/div>\n<\/div>\n<\/div>\n<\/div>\n<div id=\"cmsmasters_row_ka1bk67sy1\" class=\"cmsmasters_row cmsmasters_color_scheme_default cmsmasters_row_top_default cmsmasters_row_bot_default cmsmasters_row_boxed\">\n<div class=\"cmsmasters_row_outer_parent\">\n<div class=\"cmsmasters_row_outer\">\n<div class=\"cmsmasters_row_inner\">\n<div class=\"cmsmasters_row_margin\">\n<div id=\"cmsmasters_column_woljdc1rcy\" class=\"cmsmasters_column one_first\">\n<div class=\"cmsmasters_column_inner\"><div class=\"cmsmasters_text\">\n<p>En 2022, Engrenage[s] est sou\u00adte\u00adnu par&nbsp;:<\/p>\n<\/div>\n<div class=\"cmsmasters_clients_grid_wrap\">\n<div id=\"cmsmasters_clients_0dbe986e4e\" class=\"cmsmasters_clients_grid clients_three\">\n<div class=\"cmsmasters_clients_items slides\">\n<div class=\"cmsmasters_clients_item item\"><a href=\"http:\/\/www.bretagne.bzh\/\" target=\"_blank\"><img decoding=\"async\" src=\"https:\/\/www.engrenages.eu\/wp-content\/uploads\/2017\/08\/region-bretagne.jpg\" alt=\"R\u00e9gion Bretagne\" title=\"R\u00e9gion Bretagne\"><\/a><\/div><div class=\"cmsmasters_clients_item item\"><a href=\"http:\/\/www.ille-et-vilaine.fr\" target=\"_blank\"><img decoding=\"async\" src=\"https:\/\/www.engrenages.eu\/wp-content\/uploads\/2018\/05\/logoCG35.jpg\" alt=\"D\u00e9partement d'Ille-et-Vilaine\" title=\"D\u00e9partement d'Ille-et-Vilaine\"><\/a><\/div><div class=\"cmsmasters_clients_item item\"><a href=\"http:\/\/metropole.rennes.fr\/\" target=\"_blank\"><img decoding=\"async\" src=\"https:\/\/www.engrenages.eu\/wp-content\/uploads\/2017\/08\/rennes-ville-et-metropole.jpg\" alt=\"Rennes, Ville et M\u00e9tropole\" title=\"Rennes, Ville et M\u00e9tropole\"><\/a><\/div><\/div>\n<\/div>\n<\/div>\n<\/div><\/div>\n<\/div>\n<\/div>\n<\/div>\n<\/div>\n<\/div>\n<div id=\"cmsmasters_row_wgo34olck5\" class=\"cmsmasters_row cmsmasters_color_scheme_default cmsmasters_row_top_default cmsmasters_row_bot_default cmsmasters_row_boxed\">\n<div class=\"cmsmasters_row_outer_parent\">\n<div class=\"cmsmasters_row_outer\">\n<div class=\"cmsmasters_row_inner\">\n<div class=\"cmsmasters_row_margin\">\n<div id=\"cmsmasters_column_u8nmaiheep\" class=\"cmsmasters_column one_first\">\n<div class=\"cmsmasters_column_inner\"><div id=\"cmsmasters_heading_2jzd3zae89\" class=\"cmsmasters_heading_wrap cmsmasters_heading_align_center\">\n\t<h2 class=\"cmsmasters_heading\">Autres partenaires<\/h2>\n<\/div><div class=\"aligncenter\"><div class=\"cmsmasters_img  cmsmasters_image_c\"><img decoding=\"async\" src=\"https:\/\/www.engrenages.eu\/wp-content\/uploads\/2015\/04\/separator.png\" alt=\"separator\"><\/div><\/div>\n<\/div><\/div>\n<\/div>\n<\/div>\n<\/div>\n<\/div>\n<\/div>\n<div id=\"cmsmasters_row_p7fwo447j9\" class=\"cmsmasters_row cmsmasters_color_scheme_default cmsmasters_row_top_default cmsmasters_row_bot_default cmsmasters_row_boxed\">\n<div class=\"cmsmasters_row_outer_parent\">\n<div class=\"cmsmasters_row_outer\">\n<div class=\"cmsmasters_row_inner\">\n<div class=\"cmsmasters_row_margin\">\n<div id=\"cmsmasters_column_jqs7rl5zep\" class=\"cmsmasters_column one_half\">\n<div class=\"cmsmasters_column_inner\"><div class=\"cmsmasters_text\">\n<p><b><span class=\"gmail_default\">\u200b<\/span>Par\u00adte\u00adnaires \u00ab&nbsp;Com\u00admu\u00adnau\u00adt\u00e9&nbsp;\u00bb \/ Franck Gui\u00adzonne et Elo\u00addie Beau\u00addet&nbsp;:&nbsp;<\/b>Conseil D\u00e9par\u00adte\u00admen\u00adtal&nbsp; d\u2019Ille et Vilaine, Rennes M\u00e9tro\u00adpole, Centre cultu\u00adrel P\u00f4le Sud de Chartres de Bre\u00adtagne, Espace Beau\u00adso\u00adleil Pont P\u00e9an, Centre cultu\u00adrel Juliette Drouet de Fou\u00adg\u00e8res, Asso\u00adcia\u00adtion Les Trans\u00admu\u00adsi\u00adcales,&nbsp;&nbsp;Ville de St Jacques de la Lande, Centre cultu\u00adrel Bleu Plu\u00adriel Tr\u00e9\u00adgueux.<\/p>\n<\/div>\n<div id=\"cmsmasters_divider_ghze2d0wjm\" class=\"cmsmasters_divider cmsmasters_divider_width_long cmsmasters_divider_pos_center\"><\/div>\n<div class=\"cmsmasters_text\">\n<p><b><span class=\"gmail_default\">\u200b<\/span>Par\u00adte\u00adnaires \u00ab&nbsp;Caillou&nbsp;\u00bb Marie Hou\u00addin&nbsp;:&nbsp;<\/b>CCN de Nantes, CCN de Rou\u00adbaix,<span style=\"font-family: arial, sans-serif;\">&nbsp;Conven\u00adtion Ins\u00adti\u00adtut fran\u00ad\u00e7ais +&nbsp;R\u00e9gion Bre\u00adtagne, DRAC<\/span><\/p>\n<\/div>\n\n<div id=\"cmsmasters_divider_v0svveec72\" class=\"cmsmasters_divider cmsmasters_divider_width_long cmsmasters_divider_pos_center\"><\/div>\n<div class=\"cmsmasters_text\">\n<p><b>Par\u00adte\u00adnaires \u00ab&nbsp;\u00c0 plat vent&nbsp;\u00bb&nbsp;:&nbsp;<\/b>Rennes M\u00e9tro\u00adpole, Centre cultu\u00adrel Amo\u00adcas Mor\u00addelles, Ville de Chan\u00adte\u00adpie<\/p>\n<\/div>\n<\/div><\/div>\n<div id=\"cmsmasters_column_vgf5jgeyau\" class=\"cmsmasters_column one_half\">\n<div class=\"cmsmasters_column_inner\"><div class=\"cmsmasters_text\">\n<p><b><span class=\"gmail_default\">\u200b<\/span>Par\u00adte\u00adnaires \u00ab&nbsp;NOLA FEVER&nbsp;\u00bb ET CUBA&nbsp;: Marie Hou\u00addin&nbsp;<\/b>:&nbsp;&nbsp;Bourse FUSED&nbsp;: \u00ab&nbsp;\u00e9change Fran\u00adco \u2013 Am\u00e9\u00adri\u00adcain en danse&nbsp;\u00bb de la Face Fon\u00adda\u00adtion en par\u00adte\u00adna\u00adriat avec les ser\u00advices cultu\u00adrels de l\u2019am\u00adbas\u00adsade de France aux Etats-Unis\/&nbsp;Conven\u00adtion&nbsp;Ins\u00adti\u00adtut fran\u00ad\u00e7ais \u2013 R\u00e9gion Bre\u00adtagne&nbsp; \/&nbsp;&nbsp;Conven\u00adtion&nbsp;Ins\u00adti\u00adtut fran\u00ad\u00e7ais \u2013 Ville de Rennes et Rennes M\u00e9tropole\/.\/&nbsp; accueils stu\u00addio r\u00e9gu\u00adliers \u00e0 la Tour d\u2019Au\u00advergne \u00e0 Rennes<\/p>\n<\/div>\n<div id=\"cmsmasters_divider_mav5yleqo3\" class=\"cmsmasters_divider cmsmasters_divider_width_long cmsmasters_divider_pos_center\"><\/div>\n<div class=\"cmsmasters_text\">\n<p><span style=\"font-size: xx-small;\"><span class=\"gmail_default\">\u200b<\/span><\/span><strong>Par\u00adte\u00adnaires Kinyon\u00adga&nbsp;:<\/strong> Conven\u00adtion Drac Bre\u00adtagne \/ Centre Natio\u00adnal de la Musique\/R\u00e9gion Bre\u00adtagne, D\u00e9par\u00adte\u00adment Ille et Vilaine, Roche aux f\u00e9es Com\u00admu\u00adnau\u00adt\u00e9.<\/p>\n<\/div>\n<\/div><\/div>\n<\/div>\n<\/div>\n<\/div>\n<\/div>\n<\/div>\n\n","protected":false},"excerpt":{"rendered":"","protected":false},"author":2,"featured_media":24262,"parent":0,"menu_order":9,"comment_status":"closed","ping_status":"closed","template":"","meta":{"wp_typography_post_enhancements_disabled":false,"footnotes":""},"class_list":["post-26008","page","type-page","status-publish","has-post-thumbnail","hentry"],"yoast_head":"<!-- This site is optimized with the Yoast SEO plugin v27.4 - https:\/\/yoast.com\/product\/yoast-seo-wordpress\/ -->\n<title>Partners - Engrenage[s], G\u00e9n\u00e9rateur de projets artistiques \u00e0 Rennes<\/title>\n<meta name=\"robots\" content=\"index, follow, max-snippet:-1, max-image-preview:large, max-video-preview:-1\" \/>\n<link rel=\"canonical\" href=\"https:\/\/www.engrenages.eu\/en\/partners\/\" \/>\n<meta property=\"og:locale\" content=\"en_US\" \/>\n<meta property=\"og:type\" content=\"article\" \/>\n<meta property=\"og:title\" content=\"Partners - Engrenage[s], G\u00e9n\u00e9rateur de projets artistiques \u00e0 Rennes\" \/>\n<meta property=\"og:url\" content=\"https:\/\/www.engrenages.eu\/en\/partners\/\" \/>\n<meta property=\"og:site_name\" content=\"Engrenage[s]\" \/>\n<meta property=\"article:publisher\" content=\"https:\/\/www.facebook.com\/engrenagesrennes\" \/>\n<meta property=\"article:modified_time\" content=\"2023-01-17T18:19:46+00:00\" \/>\n<meta property=\"og:image\" content=\"https:\/\/www.engrenages.eu\/wp-content\/uploads\/2017\/04\/header.jpg\" \/>\n\t<meta property=\"og:image:width\" content=\"1200\" \/>\n\t<meta property=\"og:image:height\" content=\"600\" \/>\n\t<meta property=\"og:image:type\" content=\"image\/jpeg\" \/>\n<meta name=\"twitter:card\" content=\"summary_large_image\" \/>\n<meta name=\"twitter:label1\" content=\"Est. reading time\" \/>\n\t<meta name=\"twitter:data1\" content=\"2 minutes\" \/>\n<script type=\"application\/ld+json\" class=\"yoast-schema-graph\">{\"@context\":\"https:\\\/\\\/schema.org\",\"@graph\":[{\"@type\":\"WebPage\",\"@id\":\"https:\\\/\\\/www.engrenages.eu\\\/en\\\/partners\\\/\",\"url\":\"https:\\\/\\\/www.engrenages.eu\\\/en\\\/partners\\\/\",\"name\":\"Partners - Engrenage[s], G\u00e9n\u00e9rateur de projets artistiques \u00e0 Rennes\",\"isPartOf\":{\"@id\":\"https:\\\/\\\/www.engrenages.eu\\\/en\\\/#website\"},\"primaryImageOfPage\":{\"@id\":\"https:\\\/\\\/www.engrenages.eu\\\/en\\\/partners\\\/#primaryimage\"},\"image\":{\"@id\":\"https:\\\/\\\/www.engrenages.eu\\\/en\\\/partners\\\/#primaryimage\"},\"thumbnailUrl\":\"https:\\\/\\\/www.engrenages.eu\\\/wp-content\\\/uploads\\\/2017\\\/04\\\/header.jpg\",\"datePublished\":\"2015-04-15T12:00:43+00:00\",\"dateModified\":\"2023-01-17T18:19:46+00:00\",\"breadcrumb\":{\"@id\":\"https:\\\/\\\/www.engrenages.eu\\\/en\\\/partners\\\/#breadcrumb\"},\"inLanguage\":\"en-US\",\"potentialAction\":[{\"@type\":\"ReadAction\",\"target\":[\"https:\\\/\\\/www.engrenages.eu\\\/en\\\/partners\\\/\"]}]},{\"@type\":\"ImageObject\",\"inLanguage\":\"en-US\",\"@id\":\"https:\\\/\\\/www.engrenages.eu\\\/en\\\/partners\\\/#primaryimage\",\"url\":\"https:\\\/\\\/www.engrenages.eu\\\/wp-content\\\/uploads\\\/2017\\\/04\\\/header.jpg\",\"contentUrl\":\"https:\\\/\\\/www.engrenages.eu\\\/wp-content\\\/uploads\\\/2017\\\/04\\\/header.jpg\",\"width\":1200,\"height\":600},{\"@type\":\"BreadcrumbList\",\"@id\":\"https:\\\/\\\/www.engrenages.eu\\\/en\\\/partners\\\/#breadcrumb\",\"itemListElement\":[{\"@type\":\"ListItem\",\"position\":1,\"name\":\"Home\",\"item\":\"https:\\\/\\\/www.engrenages.eu\\\/en\\\/home\\\/\"},{\"@type\":\"ListItem\",\"position\":2,\"name\":\"Partners\"}]},{\"@type\":\"WebSite\",\"@id\":\"https:\\\/\\\/www.engrenages.eu\\\/en\\\/#website\",\"url\":\"https:\\\/\\\/www.engrenages.eu\\\/en\\\/\",\"name\":\"Engrenage[s]\",\"description\":\"G\u00e9n\u00e9rateur de projets artistiques \u00e0 Rennes\",\"publisher\":{\"@id\":\"https:\\\/\\\/www.engrenages.eu\\\/en\\\/#organization\"},\"potentialAction\":[{\"@type\":\"SearchAction\",\"target\":{\"@type\":\"EntryPoint\",\"urlTemplate\":\"https:\\\/\\\/www.engrenages.eu\\\/en\\\/?s={search_term_string}\"},\"query-input\":{\"@type\":\"PropertyValueSpecification\",\"valueRequired\":true,\"valueName\":\"search_term_string\"}}],\"inLanguage\":\"en-US\"},{\"@type\":\"Organization\",\"@id\":\"https:\\\/\\\/www.engrenages.eu\\\/en\\\/#organization\",\"name\":\"Engrenage[s]\",\"url\":\"https:\\\/\\\/www.engrenages.eu\\\/en\\\/\",\"logo\":{\"@type\":\"ImageObject\",\"inLanguage\":\"en-US\",\"@id\":\"https:\\\/\\\/www.engrenages.eu\\\/en\\\/#\\\/schema\\\/logo\\\/image\\\/\",\"url\":\"https:\\\/\\\/www.engrenages.eu\\\/wp-content\\\/uploads\\\/2017\\\/08\\\/logo-retina.png\",\"contentUrl\":\"https:\\\/\\\/www.engrenages.eu\\\/wp-content\\\/uploads\\\/2017\\\/08\\\/logo-retina.png\",\"width\":400,\"height\":100,\"caption\":\"Engrenage[s]\"},\"image\":{\"@id\":\"https:\\\/\\\/www.engrenages.eu\\\/en\\\/#\\\/schema\\\/logo\\\/image\\\/\"},\"sameAs\":[\"https:\\\/\\\/www.facebook.com\\\/engrenagesrennes\",\"https:\\\/\\\/www.instagram.com\\\/engrenages_rennes\\\/\",\"https:\\\/\\\/www.youtube.com\\\/user\\\/compagnieengrenage\"]}]}<\/script>\n<!-- \/ Yoast SEO plugin. -->","yoast_head_json":{"title":"Partners - Engrenage[s], G\u00e9n\u00e9rateur de projets artistiques \u00e0 Rennes","robots":{"index":"index","follow":"follow","max-snippet":"max-snippet:-1","max-image-preview":"max-image-preview:large","max-video-preview":"max-video-preview:-1"},"canonical":"https:\/\/www.engrenages.eu\/en\/partners\/","og_locale":"en_US","og_type":"article","og_title":"Partners - Engrenage[s], G\u00e9n\u00e9rateur de projets artistiques \u00e0 Rennes","og_url":"https:\/\/www.engrenages.eu\/en\/partners\/","og_site_name":"Engrenage[s]","article_publisher":"https:\/\/www.facebook.com\/engrenagesrennes","article_modified_time":"2023-01-17T18:19:46+00:00","og_image":[{"width":1200,"height":600,"url":"https:\/\/www.engrenages.eu\/wp-content\/uploads\/2017\/04\/header.jpg","type":"image\/jpeg"}],"twitter_card":"summary_large_image","twitter_misc":{"Est. reading time":"2 minutes"},"schema":{"@context":"https:\/\/schema.org","@graph":[{"@type":"WebPage","@id":"https:\/\/www.engrenages.eu\/en\/partners\/","url":"https:\/\/www.engrenages.eu\/en\/partners\/","name":"Partners - Engrenage[s], G\u00e9n\u00e9rateur de projets artistiques \u00e0 Rennes","isPartOf":{"@id":"https:\/\/www.engrenages.eu\/en\/#website"},"primaryImageOfPage":{"@id":"https:\/\/www.engrenages.eu\/en\/partners\/#primaryimage"},"image":{"@id":"https:\/\/www.engrenages.eu\/en\/partners\/#primaryimage"},"thumbnailUrl":"https:\/\/www.engrenages.eu\/wp-content\/uploads\/2017\/04\/header.jpg","datePublished":"2015-04-15T12:00:43+00:00","dateModified":"2023-01-17T18:19:46+00:00","breadcrumb":{"@id":"https:\/\/www.engrenages.eu\/en\/partners\/#breadcrumb"},"inLanguage":"en-US","potentialAction":[{"@type":"ReadAction","target":["https:\/\/www.engrenages.eu\/en\/partners\/"]}]},{"@type":"ImageObject","inLanguage":"en-US","@id":"https:\/\/www.engrenages.eu\/en\/partners\/#primaryimage","url":"https:\/\/www.engrenages.eu\/wp-content\/uploads\/2017\/04\/header.jpg","contentUrl":"https:\/\/www.engrenages.eu\/wp-content\/uploads\/2017\/04\/header.jpg","width":1200,"height":600},{"@type":"BreadcrumbList","@id":"https:\/\/www.engrenages.eu\/en\/partners\/#breadcrumb","itemListElement":[{"@type":"ListItem","position":1,"name":"Home","item":"https:\/\/www.engrenages.eu\/en\/home\/"},{"@type":"ListItem","position":2,"name":"Partners"}]},{"@type":"WebSite","@id":"https:\/\/www.engrenages.eu\/en\/#website","url":"https:\/\/www.engrenages.eu\/en\/","name":"Engrenage[s]","description":"G\u00e9n\u00e9rateur de projets artistiques \u00e0 Rennes","publisher":{"@id":"https:\/\/www.engrenages.eu\/en\/#organization"},"potentialAction":[{"@type":"SearchAction","target":{"@type":"EntryPoint","urlTemplate":"https:\/\/www.engrenages.eu\/en\/?s={search_term_string}"},"query-input":{"@type":"PropertyValueSpecification","valueRequired":true,"valueName":"search_term_string"}}],"inLanguage":"en-US"},{"@type":"Organization","@id":"https:\/\/www.engrenages.eu\/en\/#organization","name":"Engrenage[s]","url":"https:\/\/www.engrenages.eu\/en\/","logo":{"@type":"ImageObject","inLanguage":"en-US","@id":"https:\/\/www.engrenages.eu\/en\/#\/schema\/logo\/image\/","url":"https:\/\/www.engrenages.eu\/wp-content\/uploads\/2017\/08\/logo-retina.png","contentUrl":"https:\/\/www.engrenages.eu\/wp-content\/uploads\/2017\/08\/logo-retina.png","width":400,"height":100,"caption":"Engrenage[s]"},"image":{"@id":"https:\/\/www.engrenages.eu\/en\/#\/schema\/logo\/image\/"},"sameAs":["https:\/\/www.facebook.com\/engrenagesrennes","https:\/\/www.instagram.com\/engrenages_rennes\/","https:\/\/www.youtube.com\/user\/compagnieengrenage"]}]}},"_links":{"self":[{"href":"https:\/\/www.engrenages.eu\/en\/wp-json\/wp\/v2\/pages\/26008","targetHints":{"allow":["GET"]}}],"collection":[{"href":"https:\/\/www.engrenages.eu\/en\/wp-json\/wp\/v2\/pages"}],"about":[{"href":"https:\/\/www.engrenages.eu\/en\/wp-json\/wp\/v2\/types\/page"}],"author":[{"embeddable":true,"href":"https:\/\/www.engrenages.eu\/en\/wp-json\/wp\/v2\/users\/2"}],"replies":[{"embeddable":true,"href":"https:\/\/www.engrenages.eu\/en\/wp-json\/wp\/v2\/comments?post=26008"}],"version-history":[{"count":0,"href":"https:\/\/www.engrenages.eu\/en\/wp-json\/wp\/v2\/pages\/26008\/revisions"}],"wp:featuredmedia":[{"embeddable":true,"href":"https:\/\/www.engrenages.eu\/en\/wp-json\/wp\/v2\/media\/24262"}],"wp:attachment":[{"href":"https:\/\/www.engrenages.eu\/en\/wp-json\/wp\/v2\/media?parent=26008"}],"curies":[{"name":"wp","href":"https:\/\/api.w.org\/{rel}","templated":true}]}}