{"id":26004,"date":"2017-04-04T12:23:13","date_gmt":"2017-04-04T10:23:13","guid":{"rendered":"https:\/\/www.engrenages.eu\/?page_id=26004"},"modified":"2023-01-17T19:19:09","modified_gmt":"2023-01-17T18:19:09","slug":"legal-notice","status":"publish","type":"page","link":"https:\/\/www.engrenages.eu\/en\/legal-notice\/","title":{"rendered":"Legal Notice"},"content":{"rendered":"<div id=\"cmsmasters_row_g3400f56pl\" class=\"cmsmasters_row cmsmasters_color_scheme_default cmsmasters_row_top_default cmsmasters_row_bot_default cmsmasters_row_boxed\">\n<div class=\"cmsmasters_row_outer_parent\">\n<div class=\"cmsmasters_row_outer\">\n<div class=\"cmsmasters_row_inner\">\n<div class=\"cmsmasters_row_margin\">\n<div id=\"cmsmasters_column_sc677x43kz\" class=\"cmsmasters_column one_third\">\n<div class=\"cmsmasters_column_inner\"><div class=\"cmsmasters_text\">\n<h2>Pr\u00e9sentation du site<\/h2>\n<p>Confor\u00adm\u00e9\u00adment \u00e0 la loi n\u00b02004\u20132005 du 21 juin 2004 pour la Confiance dans l\u2019\u00c9\u00adco\u00adno\u00admie Num\u00e9\u00adrique (LEN), les men\u00adtions l\u00e9gales mettent \u00e0 dis\u00adpo\u00adsi\u00adtion du public les infor\u00adma\u00adtions concer\u00adnant le site <a href=\"https:\/\/www.engrenages.eu\">www.engrenages.eu<\/a><\/p>\n<h2>Responsable de la publication<\/h2>\n<p>Asso\u00adcia\u00adtion cultu\u00adrelle Engrenage[s]<br>\n26 Rue L\u00e9on Ricot\u00adtier<br>\n35000 Rennes<br>\nLicences d\u2019entrepreneur de spec\u00adtacles vivants&nbsp;:<br>\nL\u2011R-21\u201314719 \u2502 L\u2011R-21\u201314720<br>\nN\u00b0 siret&nbsp;: 45081909900034<br>\nCode APE 9001Z<br>\nT \/ 02 22 03 02 13<br>\nP \/ 06 361 51 12 97<br>\nW \/ <a href=\"https:\/\/www.engrenages.eu\">www.engrenages.eu<\/a><br>\nM \/ <a href=\"mailto:contact@engrenages.eu\" target=\"_blank\" rel=\"noopener noreferrer\">contact@engrenages.eu<\/a><\/p>\n<p>Direc\u00adteur de la publi\u00adca\u00adtion&nbsp;: Fan\u00adny Per\u00adruez<\/p>\n<h4>H\u00e9bergement du site<\/h4>\n<p>OVH<br>\n2 rue Kel\u00adler\u00admann<br>\n59100 Rou\u00adbaix (France)<br>\nT \/ 0 820 69 87 65<br>\nW \/ <a href=\"http:\/\/www.ovh.com\" target=\"_blank\" rel=\"noopener noreferrer\">www.ovh.com<\/a><\/p>\n<h2>Conditions g\u00e9n\u00e9rales d\u2019utilisation<\/h2>\n<p>L\u2019utilisation du site <a href=\"https:\/\/www.engrenages.eu\">www.engrenages.eu<\/a> implique l\u2019acceptation pleine et enti\u00e8re des condi\u00adtions g\u00e9n\u00e9\u00adrales d\u2019utilisation ci-apr\u00e8s d\u00e9crites. Ces condi\u00adtions d\u2019utilisation sont sus\u00adcep\u00adtibles d\u2019\u00eatre modi\u00adfi\u00e9es ou com\u00adpl\u00e9\u00adt\u00e9es \u00e0 tout moment, les uti\u00adli\u00adsa\u00adteurs du site <a href=\"https:\/\/www.engrenages.eu\">www.engrenages.eu<\/a> sont donc invi\u00adt\u00e9s \u00e0 les consul\u00adter de mani\u00e8re r\u00e9gu\u00adli\u00e8re.<\/p>\n<p>Le pr\u00e9\u00adsent site est acces\u00adsible 24 heures sur 24 et 7 jours sur 7, \u00e0 l\u2019exception des cas de force majeure, dif\u00adfi\u00adcul\u00adt\u00e9s infor\u00adma\u00adtiques, main\u00adte\u00adnance, dif\u00adfi\u00adcul\u00adt\u00e9s li\u00e9es \u00e0 la struc\u00adture des r\u00e9seaux de com\u00admu\u00adni\u00adca\u00adtion ou dif\u00adfi\u00adcul\u00adt\u00e9s d\u2019ordre tech\u00adnique.<\/p>\n<h2>Services propos\u00e9s<\/h2>\n<p>Le site <a href=\"https:\/\/www.engrenages.eu\">www.engrenages.eu<\/a> a pour objet de four\u00adnir une infor\u00adma\u00adtion concer\u00adnant l\u2019ac\u00adti\u00advi\u00adt\u00e9 de l\u2019as\u00adso\u00adcia\u00adtion cultu\u00adrelle Engrenage[s].<\/p>\n<p>L\u2019as\u00adso\u00adcia\u00adtion Engrenage[s] s\u2019efforce de four\u00adnir des infor\u00adma\u00adtions aus\u00adsi pr\u00e9\u00adcises que pos\u00adsible. Tou\u00adte\u00adfois, elle ne pour\u00adra \u00eatre tenue res\u00adpon\u00adsable des omis\u00adsions, des inexac\u00adti\u00adtudes et des carences dans la mise \u00e0 jour, qu\u2019elles soient de son fait ou du fait des tiers par\u00adte\u00adnaires qui lui four\u00adnissent ces infor\u00adma\u00adtions. Si vous consta\u00adtez une lacune, une erreur ou ce qui parait \u00eatre un dys\u00adfonc\u00adtion\u00adne\u00adment, mer\u00adci de bien vou\u00adloir le signa\u00adler par email, \u00e0 l\u2019adresse <a href=\"mailto:contact@engrenages.eu\" target=\"_blank\" rel=\"noopener noreferrer\">contact@engrenages.eu<\/a>, en d\u00e9cri\u00advant le pro\u00adbl\u00e8me de la mani\u00e8re la plus pr\u00e9\u00adcise pos\u00adsible.<\/p>\n<\/div>\n<\/div><\/div>\n<div id=\"cmsmasters_column_xetow4z638\" class=\"cmsmasters_column one_third\">\n<div class=\"cmsmasters_column_inner\"><div class=\"cmsmasters_text\">\n<p>Tous les infor\u00adma\u00adtions indi\u00adqu\u00e9es sur le site <a href=\"https:\/\/www.engrenages.eu\">www.engrenages.eu<\/a> sont don\u00adn\u00e9es \u00e0 titre indi\u00adca\u00adtif et sont sus\u00adcep\u00adtibles d\u2019\u00e9voluer. Par ailleurs, les ren\u00adsei\u00adgne\u00adments figu\u00adrant sur le site ne sont pas exhaus\u00adtifs. Ils sont don\u00adn\u00e9s sous r\u00e9serve de modi\u00adfi\u00adca\u00adtions ayant \u00e9t\u00e9 appor\u00adt\u00e9es depuis leur mise en ligne.<\/p>\n<h2>Limites de responsabilit\u00e9<\/h2>\n<p>Tout conte\u00adnu t\u00e9l\u00e9\u00adchar\u00adg\u00e9 se fait aux risques et p\u00e9rils de l\u2019utilisateur et sous sa seule res\u00adpon\u00adsa\u00adbi\u00adli\u00adt\u00e9. En cons\u00e9\u00adquence, l\u2019as\u00adso\u00adcia\u00adtion Engrenage[s] ne sau\u00adrait \u00eatre tenu res\u00adpon\u00adsable d\u2019un quel\u00adconque dom\u00admage subi par l\u2019ordinateur de l\u2019utilisateur ou d\u2019une quel\u00adconque perte de don\u00adn\u00e9es cons\u00e9\u00adcu\u00adtives au t\u00e9l\u00e9\u00adchar\u00adge\u00adment. De plus, l\u2019utilisateur du site s\u2019engage \u00e0 acc\u00e9\u00adder au site en uti\u00adli\u00adsant un mat\u00e9\u00adriel r\u00e9cent, ne conte\u00adnant pas de virus et avec un navi\u00adga\u00adteur de der\u00adni\u00e8re g\u00e9n\u00e9\u00adra\u00adtion mis-\u00e0-jour.<\/p>\n<p>Par ailleurs, l\u2019u\u00adti\u00adli\u00adsa\u00adtion des infor\u00adma\u00adtions et conte\u00adnus dis\u00adpo\u00adnibles sur l\u2019en\u00adsemble du site <a href=\"https:\/\/www.engrenages.eu\">www.engrenages.eu<\/a>, ne sau\u00adraient en aucun cas enga\u00adger la res\u00adpon\u00adsa\u00adbi\u00adli\u00adt\u00e9 de l\u2019as\u00adso\u00adcia\u00adtion Engrenage[s], \u00e0 quelque titre que ce soit. L\u2019u\u00adti\u00adli\u00adsa\u00adteur est seul ma\u00eetre de la bonne uti\u00adli\u00adsa\u00adtion, avec dis\u00adcer\u00adne\u00adment et esprit, des infor\u00adma\u00adtions mises \u00e0 sa dis\u00adpo\u00adsi\u00adtion sur le site.<\/p>\n<h2>Propri\u00e9t\u00e9 intellectuelle<\/h2>\n<p>L\u2019as\u00adso\u00adcia\u00adtion Engrenage[s] est pro\u00adpri\u00e9\u00adtaire des droits de pro\u00adpri\u00e9\u00adt\u00e9 intel\u00adlec\u00adtuelle ou d\u00e9tient les droits d\u2019usage sur tous les \u00e9l\u00e9\u00adments acces\u00adsibles sur le site, notam\u00adment les textes, images, gra\u00adphismes, logo, ic\u00f4nes, sons\u2026<\/p>\n<p>Toute repro\u00adduc\u00adtion, repr\u00e9\u00adsen\u00adta\u00adtion, modi\u00adfi\u00adca\u00adtion, publi\u00adca\u00adtion, adap\u00adta\u00adtion de tout ou par\u00adtie des \u00e9l\u00e9\u00adments du site, quel que soit le moyen ou le pro\u00adc\u00e9\u00add\u00e9 uti\u00adli\u00ads\u00e9, est inter\u00addite, sauf auto\u00adri\u00adsa\u00adtion pr\u00e9a\u00adlable. Toute exploi\u00adta\u00adtion non auto\u00adri\u00ads\u00e9e du site ou de l\u2019un quel\u00adconque des \u00e9l\u00e9\u00adments qu\u2019il contient sera consi\u00add\u00e9\u00adr\u00e9e comme consti\u00adtu\u00adtive d\u2019une contre\u00adfa\u00ad\u00e7on et pour\u00adsui\u00advie confor\u00adm\u00e9\u00adment aux dis\u00adpo\u00adsi\u00adtions des articles L.335\u20132 et sui\u00advants du Code de Pro\u00adpri\u00e9\u00adt\u00e9 Intel\u00adlec\u00adtuelle.<\/p>\n<h2>Donn\u00e9es personnelles<\/h2>\n<p>En France, les don\u00adn\u00e9es per\u00adson\u00adnelles sont notam\u00adment pro\u00adt\u00e9\u00adg\u00e9es par la loi n\u00b0 78\u201387 du 6 jan\u00advier 1978, la loi n\u00b0 2004\u2013801 du 6 ao\u00fbt 2004, l\u2019article L. 226\u201313 du Code p\u00e9nal et la Direc\u00adtive Euro\u00adp\u00e9enne du 24 octobre 1995.<\/p>\n<p>De mani\u00e8re g\u00e9n\u00e9\u00adrale, vous n\u2019\u00eates pas tenu de nous com\u00admu\u00adni\u00adquer vos don\u00adn\u00e9es per\u00adson\u00adnelles lorsque vous visi\u00adtez notre site inter\u00adnet.<\/p>\n<p>Cepen\u00addant, ce prin\u00adcipe com\u00adporte cer\u00adtaines excep\u00adtions. En effet, pour cer\u00adtains ser\u00advices pro\u00adpo\u00ads\u00e9s par notre site comme le for\u00admu\u00adlaire de la rubrique \u00ab&nbsp;Nous contac\u00adtez&nbsp;\u00bb, vous pou\u00advez \u00eatre ame\u00adn\u00e9s \u00e0 nous com\u00admu\u00adni\u00adquer cer\u00adtaines don\u00adn\u00e9es telles que votre nom et votre adresse \u00e9lec\u00adtro\u00adnique.<\/p>\n<\/div>\n<\/div><\/div>\n<div id=\"cmsmasters_column_divwkalx2b\" class=\"cmsmasters_column one_third\">\n<div class=\"cmsmasters_column_inner\"><div class=\"cmsmasters_text\">\n<p>L\u2019as\u00adso\u00adcia\u00adtion Engrenage[s] s\u2019en\u00adgage \u00e0 ne c\u00e9der en aucun cas les infor\u00adma\u00adtions ain\u00adsi col\u00adlec\u00adt\u00e9es, de quelque fa\u00e7on qu\u2019il soit (vente, \u00e9change, pr\u00eat, loca\u00adtion, don).<\/p>\n<p>Vous dis\u00adpo\u00adsez d\u2019un droit d\u2019ac\u00adc\u00e8s, de rec\u00adti\u00adfi\u00adca\u00adtion et de sup\u00adpres\u00adsion des don\u00adn\u00e9es qui vous concernent. Vous pou\u00advez l\u2019exer\u00adcer en adres\u00adsant un e\u2011mail \u00e0 l\u2019a\u00addresse \u00e9lec\u00adtro\u00adnique sui\u00advante&nbsp;: <a href=\"mailto:contact@engrenages.eu\" target=\"_blank\" rel=\"noopener noreferrer\">contact@engrenages.eu<\/a> ou par cour\u00adrier \u00e0 l\u2019a\u00addresse sui\u00advante&nbsp;: Asso\u00adcia\u00adtion Engrenage[s], 26 Rue L\u00e9on Ricot\u00adtier 35000 Rennes.<\/p>\n<h2>D\u00e9claration CNIL<\/h2>\n<p>Confor\u00adm\u00e9\u00adment \u00e0 la loi 78\u201317 du 6 jan\u00advier 1978 (modi\u00adfi\u00e9e par la loi 2004\u2013801 du 6 ao\u00fbt 2004 rela\u00adtive \u00e0 la pro\u00adtec\u00adtion des per\u00adsonnes phy\u00adsiques \u00e0 l\u2019\u00e9gard des trai\u00adte\u00adments de don\u00adn\u00e9es \u00e0 carac\u00adt\u00e8re per\u00adson\u00adnel) rela\u00adtive \u00e0 l\u2019informatique, aux fichiers et aux liber\u00adt\u00e9s, le site <a href=\"https:\/\/www.engrenages.eu\">www.engrenages.eu<\/a> n\u2019est pas d\u00e9cla\u00adr\u00e9 \u00e0 la CNIL puis\u00adqu\u2019il ne recueille pas de don\u00adn\u00e9es per\u00adson\u00adnelles.<\/p>\n<h2>Liens hypertextes et cookies<\/h2>\n<p>L\u2019as\u00adso\u00adcia\u00adtion Engrenage[s] pro\u00adpose sur son site <a href=\"https:\/\/www.engrenages.eu\">www.engrenages.eu<\/a> des liens vers des sites tiers. Elle ne pour\u00adra \u00eatre tenu res\u00adpon\u00adsable du conte\u00adnu de ces sites et de l\u2019u\u00adsage qui pour\u00adra en \u00eatre fait par les uti\u00adli\u00adsa\u00adteurs.<\/p>\n<p>L\u2019as\u00adso\u00adcia\u00adtion Engrenage[s] peut \u00eatre ame\u00adn\u00e9e \u00e0 uti\u00adli\u00adser le sys\u00adt\u00e8me des \u201ccookies\u201d. Le cookie ne nous per\u00admet pas de vous iden\u00adti\u00adfier mais de mani\u00e8re g\u00e9n\u00e9\u00adrale de col\u00adlec\u00adter des infor\u00adma\u00adtions lors de votre pas\u00adsage sur notre site. Les don\u00adn\u00e9es col\u00adlec\u00adt\u00e9es visent \u00e0 faci\u00adli\u00adter la navi\u00adga\u00adtion ult\u00e9\u00adrieure et per\u00admettent diverses mesures de fr\u00e9\u00adquen\u00adta\u00adtion, utiles notam\u00adment \u00e0 l\u2019a\u00adm\u00e9\u00adlio\u00adra\u00adtion de l\u2019er\u00adgo\u00adno\u00admie, la navi\u00adga\u00adtion et la per\u00adti\u00adnence du conte\u00adnu \u00e9di\u00adto\u00adrial.<br>\nIl vous est pos\u00adsible de d\u00e9tec\u00adter l\u2019existence de ces \u201ccookies\u201d et, le cas \u00e9ch\u00e9ant, de les sup\u00adpri\u00admer. Il vous est pos\u00adsible de vous oppo\u00adser \u00e0 l\u2019enregistrement de cookies en d\u00e9sac\u00adti\u00advant cette fonc\u00adtion de votre navi\u00adga\u00adteur dans les pr\u00e9\u00adf\u00e9\u00adrences de celui-ci.<\/p>\n<h2>Droit applicable et lois concern\u00e9es<\/h2>\n<p>Sou\u00admis au droit fran\u00ad\u00e7ais, le site web <a href=\"https:\/\/www.engrenages.eu\">www.engrenages.eu<\/a> est enca\u00addr\u00e9 par loi n\u00b02004\u20132005 du 21 juin 2004 pour la Confiance dans l\u2019\u00c9\u00adco\u00adno\u00admie Num\u00e9\u00adrique (LEN), les articles L.335\u20132 et sui\u00advants du Code de Pro\u00adpri\u00e9\u00adt\u00e9 Intel\u00adlec\u00adtuelle et la loi \u00ab&nbsp;infor\u00adma\u00adtique et liber\u00adt\u00e9s&nbsp;\u00bb du 6 jan\u00advier 1978 modi\u00adfi\u00e9e en 2004.<\/p>\n<\/div>\n<\/div><\/div>\n<\/div>\n<\/div>\n<\/div>\n<\/div>\n<\/div>\n\n","protected":false},"excerpt":{"rendered":"","protected":false},"author":2,"featured_media":24262,"parent":0,"menu_order":8,"comment_status":"closed","ping_status":"closed","template":"","meta":{"wp_typography_post_enhancements_disabled":false,"footnotes":""},"class_list":["post-26004","page","type-page","status-publish","has-post-thumbnail","hentry"],"yoast_head":"<!-- This site is optimized with the Yoast SEO plugin v27.4 - https:\/\/yoast.com\/product\/yoast-seo-wordpress\/ -->\n<title>Legal Notice - Engrenage[s], G\u00e9n\u00e9rateur de projets artistiques \u00e0 Rennes<\/title>\n<meta name=\"robots\" content=\"index, follow, max-snippet:-1, max-image-preview:large, max-video-preview:-1\" \/>\n<link rel=\"canonical\" href=\"https:\/\/www.engrenages.eu\/en\/legal-notice\/\" \/>\n<meta property=\"og:locale\" content=\"en_US\" \/>\n<meta property=\"og:type\" content=\"article\" \/>\n<meta property=\"og:title\" content=\"Legal Notice - Engrenage[s], G\u00e9n\u00e9rateur de projets artistiques \u00e0 Rennes\" \/>\n<meta property=\"og:url\" content=\"https:\/\/www.engrenages.eu\/en\/legal-notice\/\" \/>\n<meta property=\"og:site_name\" content=\"Engrenage[s]\" \/>\n<meta property=\"article:publisher\" content=\"https:\/\/www.facebook.com\/engrenagesrennes\" \/>\n<meta property=\"article:modified_time\" content=\"2023-01-17T18:19:09+00:00\" \/>\n<meta property=\"og:image\" content=\"https:\/\/www.engrenages.eu\/wp-content\/uploads\/2017\/04\/header.jpg\" \/>\n\t<meta property=\"og:image:width\" content=\"1200\" \/>\n\t<meta property=\"og:image:height\" content=\"600\" \/>\n\t<meta property=\"og:image:type\" content=\"image\/jpeg\" \/>\n<meta name=\"twitter:card\" content=\"summary_large_image\" \/>\n<meta name=\"twitter:label1\" content=\"Est. reading time\" \/>\n\t<meta name=\"twitter:data1\" content=\"6 minutes\" \/>\n<script type=\"application\/ld+json\" class=\"yoast-schema-graph\">{\"@context\":\"https:\\\/\\\/schema.org\",\"@graph\":[{\"@type\":\"WebPage\",\"@id\":\"https:\\\/\\\/www.engrenages.eu\\\/en\\\/legal-notice\\\/\",\"url\":\"https:\\\/\\\/www.engrenages.eu\\\/en\\\/legal-notice\\\/\",\"name\":\"Legal Notice - Engrenage[s], G\u00e9n\u00e9rateur de projets artistiques \u00e0 Rennes\",\"isPartOf\":{\"@id\":\"https:\\\/\\\/www.engrenages.eu\\\/en\\\/#website\"},\"primaryImageOfPage\":{\"@id\":\"https:\\\/\\\/www.engrenages.eu\\\/en\\\/legal-notice\\\/#primaryimage\"},\"image\":{\"@id\":\"https:\\\/\\\/www.engrenages.eu\\\/en\\\/legal-notice\\\/#primaryimage\"},\"thumbnailUrl\":\"https:\\\/\\\/www.engrenages.eu\\\/wp-content\\\/uploads\\\/2017\\\/04\\\/header.jpg\",\"datePublished\":\"2017-04-04T10:23:13+00:00\",\"dateModified\":\"2023-01-17T18:19:09+00:00\",\"breadcrumb\":{\"@id\":\"https:\\\/\\\/www.engrenages.eu\\\/en\\\/legal-notice\\\/#breadcrumb\"},\"inLanguage\":\"en-US\",\"potentialAction\":[{\"@type\":\"ReadAction\",\"target\":[\"https:\\\/\\\/www.engrenages.eu\\\/en\\\/legal-notice\\\/\"]}]},{\"@type\":\"ImageObject\",\"inLanguage\":\"en-US\",\"@id\":\"https:\\\/\\\/www.engrenages.eu\\\/en\\\/legal-notice\\\/#primaryimage\",\"url\":\"https:\\\/\\\/www.engrenages.eu\\\/wp-content\\\/uploads\\\/2017\\\/04\\\/header.jpg\",\"contentUrl\":\"https:\\\/\\\/www.engrenages.eu\\\/wp-content\\\/uploads\\\/2017\\\/04\\\/header.jpg\",\"width\":1200,\"height\":600},{\"@type\":\"BreadcrumbList\",\"@id\":\"https:\\\/\\\/www.engrenages.eu\\\/en\\\/legal-notice\\\/#breadcrumb\",\"itemListElement\":[{\"@type\":\"ListItem\",\"position\":1,\"name\":\"Home\",\"item\":\"https:\\\/\\\/www.engrenages.eu\\\/en\\\/home\\\/\"},{\"@type\":\"ListItem\",\"position\":2,\"name\":\"Legal Notice\"}]},{\"@type\":\"WebSite\",\"@id\":\"https:\\\/\\\/www.engrenages.eu\\\/en\\\/#website\",\"url\":\"https:\\\/\\\/www.engrenages.eu\\\/en\\\/\",\"name\":\"Engrenage[s]\",\"description\":\"G\u00e9n\u00e9rateur de projets artistiques \u00e0 Rennes\",\"publisher\":{\"@id\":\"https:\\\/\\\/www.engrenages.eu\\\/en\\\/#organization\"},\"potentialAction\":[{\"@type\":\"SearchAction\",\"target\":{\"@type\":\"EntryPoint\",\"urlTemplate\":\"https:\\\/\\\/www.engrenages.eu\\\/en\\\/?s={search_term_string}\"},\"query-input\":{\"@type\":\"PropertyValueSpecification\",\"valueRequired\":true,\"valueName\":\"search_term_string\"}}],\"inLanguage\":\"en-US\"},{\"@type\":\"Organization\",\"@id\":\"https:\\\/\\\/www.engrenages.eu\\\/en\\\/#organization\",\"name\":\"Engrenage[s]\",\"url\":\"https:\\\/\\\/www.engrenages.eu\\\/en\\\/\",\"logo\":{\"@type\":\"ImageObject\",\"inLanguage\":\"en-US\",\"@id\":\"https:\\\/\\\/www.engrenages.eu\\\/en\\\/#\\\/schema\\\/logo\\\/image\\\/\",\"url\":\"https:\\\/\\\/www.engrenages.eu\\\/wp-content\\\/uploads\\\/2017\\\/08\\\/logo-retina.png\",\"contentUrl\":\"https:\\\/\\\/www.engrenages.eu\\\/wp-content\\\/uploads\\\/2017\\\/08\\\/logo-retina.png\",\"width\":400,\"height\":100,\"caption\":\"Engrenage[s]\"},\"image\":{\"@id\":\"https:\\\/\\\/www.engrenages.eu\\\/en\\\/#\\\/schema\\\/logo\\\/image\\\/\"},\"sameAs\":[\"https:\\\/\\\/www.facebook.com\\\/engrenagesrennes\",\"https:\\\/\\\/www.instagram.com\\\/engrenages_rennes\\\/\",\"https:\\\/\\\/www.youtube.com\\\/user\\\/compagnieengrenage\"]}]}<\/script>\n<!-- \/ Yoast SEO plugin. -->","yoast_head_json":{"title":"Legal Notice - Engrenage[s], G\u00e9n\u00e9rateur de projets artistiques \u00e0 Rennes","robots":{"index":"index","follow":"follow","max-snippet":"max-snippet:-1","max-image-preview":"max-image-preview:large","max-video-preview":"max-video-preview:-1"},"canonical":"https:\/\/www.engrenages.eu\/en\/legal-notice\/","og_locale":"en_US","og_type":"article","og_title":"Legal Notice - Engrenage[s], G\u00e9n\u00e9rateur de projets artistiques \u00e0 Rennes","og_url":"https:\/\/www.engrenages.eu\/en\/legal-notice\/","og_site_name":"Engrenage[s]","article_publisher":"https:\/\/www.facebook.com\/engrenagesrennes","article_modified_time":"2023-01-17T18:19:09+00:00","og_image":[{"width":1200,"height":600,"url":"https:\/\/www.engrenages.eu\/wp-content\/uploads\/2017\/04\/header.jpg","type":"image\/jpeg"}],"twitter_card":"summary_large_image","twitter_misc":{"Est. reading time":"6 minutes"},"schema":{"@context":"https:\/\/schema.org","@graph":[{"@type":"WebPage","@id":"https:\/\/www.engrenages.eu\/en\/legal-notice\/","url":"https:\/\/www.engrenages.eu\/en\/legal-notice\/","name":"Legal Notice - Engrenage[s], G\u00e9n\u00e9rateur de projets artistiques \u00e0 Rennes","isPartOf":{"@id":"https:\/\/www.engrenages.eu\/en\/#website"},"primaryImageOfPage":{"@id":"https:\/\/www.engrenages.eu\/en\/legal-notice\/#primaryimage"},"image":{"@id":"https:\/\/www.engrenages.eu\/en\/legal-notice\/#primaryimage"},"thumbnailUrl":"https:\/\/www.engrenages.eu\/wp-content\/uploads\/2017\/04\/header.jpg","datePublished":"2017-04-04T10:23:13+00:00","dateModified":"2023-01-17T18:19:09+00:00","breadcrumb":{"@id":"https:\/\/www.engrenages.eu\/en\/legal-notice\/#breadcrumb"},"inLanguage":"en-US","potentialAction":[{"@type":"ReadAction","target":["https:\/\/www.engrenages.eu\/en\/legal-notice\/"]}]},{"@type":"ImageObject","inLanguage":"en-US","@id":"https:\/\/www.engrenages.eu\/en\/legal-notice\/#primaryimage","url":"https:\/\/www.engrenages.eu\/wp-content\/uploads\/2017\/04\/header.jpg","contentUrl":"https:\/\/www.engrenages.eu\/wp-content\/uploads\/2017\/04\/header.jpg","width":1200,"height":600},{"@type":"BreadcrumbList","@id":"https:\/\/www.engrenages.eu\/en\/legal-notice\/#breadcrumb","itemListElement":[{"@type":"ListItem","position":1,"name":"Home","item":"https:\/\/www.engrenages.eu\/en\/home\/"},{"@type":"ListItem","position":2,"name":"Legal Notice"}]},{"@type":"WebSite","@id":"https:\/\/www.engrenages.eu\/en\/#website","url":"https:\/\/www.engrenages.eu\/en\/","name":"Engrenage[s]","description":"G\u00e9n\u00e9rateur de projets artistiques \u00e0 Rennes","publisher":{"@id":"https:\/\/www.engrenages.eu\/en\/#organization"},"potentialAction":[{"@type":"SearchAction","target":{"@type":"EntryPoint","urlTemplate":"https:\/\/www.engrenages.eu\/en\/?s={search_term_string}"},"query-input":{"@type":"PropertyValueSpecification","valueRequired":true,"valueName":"search_term_string"}}],"inLanguage":"en-US"},{"@type":"Organization","@id":"https:\/\/www.engrenages.eu\/en\/#organization","name":"Engrenage[s]","url":"https:\/\/www.engrenages.eu\/en\/","logo":{"@type":"ImageObject","inLanguage":"en-US","@id":"https:\/\/www.engrenages.eu\/en\/#\/schema\/logo\/image\/","url":"https:\/\/www.engrenages.eu\/wp-content\/uploads\/2017\/08\/logo-retina.png","contentUrl":"https:\/\/www.engrenages.eu\/wp-content\/uploads\/2017\/08\/logo-retina.png","width":400,"height":100,"caption":"Engrenage[s]"},"image":{"@id":"https:\/\/www.engrenages.eu\/en\/#\/schema\/logo\/image\/"},"sameAs":["https:\/\/www.facebook.com\/engrenagesrennes","https:\/\/www.instagram.com\/engrenages_rennes\/","https:\/\/www.youtube.com\/user\/compagnieengrenage"]}]}},"_links":{"self":[{"href":"https:\/\/www.engrenages.eu\/en\/wp-json\/wp\/v2\/pages\/26004","targetHints":{"allow":["GET"]}}],"collection":[{"href":"https:\/\/www.engrenages.eu\/en\/wp-json\/wp\/v2\/pages"}],"about":[{"href":"https:\/\/www.engrenages.eu\/en\/wp-json\/wp\/v2\/types\/page"}],"author":[{"embeddable":true,"href":"https:\/\/www.engrenages.eu\/en\/wp-json\/wp\/v2\/users\/2"}],"replies":[{"embeddable":true,"href":"https:\/\/www.engrenages.eu\/en\/wp-json\/wp\/v2\/comments?post=26004"}],"version-history":[{"count":0,"href":"https:\/\/www.engrenages.eu\/en\/wp-json\/wp\/v2\/pages\/26004\/revisions"}],"wp:featuredmedia":[{"embeddable":true,"href":"https:\/\/www.engrenages.eu\/en\/wp-json\/wp\/v2\/media\/24262"}],"wp:attachment":[{"href":"https:\/\/www.engrenages.eu\/en\/wp-json\/wp\/v2\/media?parent=26004"}],"curies":[{"name":"wp","href":"https:\/\/api.w.org\/{rel}","templated":true}]}}