{"id":25998,"date":"2017-09-14T05:49:38","date_gmt":"2017-09-14T03:49:38","guid":{"rendered":"https:\/\/www.engrenages.eu\/?page_id=25998"},"modified":"2024-11-07T08:12:06","modified_gmt":"2024-11-07T07:12:06","slug":"events","status":"publish","type":"page","link":"https:\/\/www.engrenages.eu\/en\/events\/","title":{"rendered":"Events"},"content":{"rendered":"<div id=\"cmsmasters_row_zhtcxq5f5e\" class=\"cmsmasters_row cmsmasters_color_scheme_default cmsmasters_row_top_default cmsmasters_row_bot_default cmsmasters_row_boxed\">\n<div class=\"cmsmasters_row_outer_parent\">\n<div class=\"cmsmasters_row_outer\">\n<div class=\"cmsmasters_row_inner\">\n<div class=\"cmsmasters_row_margin\">\n<div id=\"cmsmasters_column_fty9kjgqzz\" class=\"cmsmasters_column one_first\">\n<div class=\"cmsmasters_column_inner\"><div id=\"cmsmasters_heading_jbps5uchwg\" class=\"cmsmasters_heading_wrap cmsmasters_heading_align_center\">\n\t<h2 class=\"cmsmasters_heading\">Concept &amp; coproduction<\/h2>\n<\/div><div class=\"aligncenter\"><div class=\"cmsmasters_img  cmsmasters_image_c\"><img decoding=\"async\" src=\"https:\/\/www.engrenages.eu\/wp-content\/uploads\/2015\/04\/separator.png\" alt=\"separator\"><\/div><\/div><div id=\"cmsmasters_fb_x7grfatrfb\" class=\"cmsmasters_featured_block\">\n<div class=\"featured_block_inner\">\n<div class=\"featured_block_text\">\n<p style=\"color: #454545; font-size: 16px; line-height: 28px;\">Engrenage[s] con\u00e7oit et copro\u00adduit des \u00e9v\u00e9\u00adne\u00adments, ren\u00addez-vous, f\u00eates, mani\u00adfes\u00adta\u00adtions par\u00adti\u00adci\u00adpa\u00adtives en par\u00adte\u00adna\u00adriat avec des villes, des fes\u00adti\u00advals et d\u2019autres. A l\u2019\u00e9coute des envies, l\u2019\u00e9quipe sait mobi\u00adli\u00adser son ima\u00adgi\u00adna\u00adtion, arti\u00adcu\u00adler les pro\u00adjets artis\u00adtiques et orga\u00adni\u00adser le tout.<\/p>\n\n<\/div>\n<\/div>\n<\/div>\n<\/div><\/div>\n<\/div>\n<\/div>\n<\/div>\n<\/div>\n<\/div>\n<div id=\"cmsmasters_row_61rfbn3rea\" class=\"cmsmasters_row cmsmasters_color_scheme_default cmsmasters_row_top_default cmsmasters_row_bot_default cmsmasters_row_boxed\">\n<div class=\"cmsmasters_row_outer_parent\">\n<div class=\"cmsmasters_row_outer\">\n<div class=\"cmsmasters_row_inner\">\n<div class=\"cmsmasters_row_margin\">\n<div id=\"cmsmasters_column_sq29pncnye\" class=\"cmsmasters_column one_first\">\n<div class=\"cmsmasters_column_inner\">\n<div id=\"cmsmasters_divider_m2mj0017jp\" class=\"cmsmasters_divider cmsmasters_divider_width_long cmsmasters_divider_pos_center\"><\/div>\n<div class=\"cmsmasters_text\">\n<p>Depuis 2015, nous par\u00adti\u00adci\u00adpons aux c\u00f4t\u00e9s d\u2019institutions cultu\u00adrelles ou de fes\u00adti\u00advals \u00e0 l\u2019\u00e9laboration d\u2019\u00e9v\u00e9nements par\u00adti\u00adci\u00adpa\u00adtifs autour de la musique et de la danse. Nous met\u00adtons au ser\u00advice des orga\u00adni\u00adsa\u00adteurs nos com\u00adp\u00e9\u00adtences en pro\u00adduc\u00adtion, notre r\u00e9seau d\u2019artistes, nos concepts satel\u00adlites, nos formes par\u00adti\u00adci\u00adpa\u00adtives pour \u00e9la\u00adbo\u00adrer des moments de convi\u00advia\u00adli\u00adt\u00e9, de funk et de groove&nbsp;! Ces pro\u00adpo\u00adsi\u00adtions \u00e9v\u00e9\u00adne\u00admen\u00adtielles inves\u00adtissent l\u2019espace public et f\u00e9d\u00e8rent un public tr\u00e8s large, des petits aux grands, des ama\u00adteurs aux novices.<\/p>\n<\/div>\n<\/div><\/div>\n<\/div>\n<\/div>\n<\/div>\n<\/div>\n<\/div>\n<div id=\"cmsmasters_row_osgt933xd\" class=\"cmsmasters_row cmsmasters_color_scheme_default cmsmasters_row_top_default cmsmasters_row_bot_default cmsmasters_row_boxed\">\n<div class=\"cmsmasters_row_outer_parent\">\n<div class=\"cmsmasters_row_outer\">\n<div class=\"cmsmasters_row_inner\">\n<div class=\"cmsmasters_row_margin\">\n<div id=\"cmsmasters_column_ip5nwfxi39\" class=\"cmsmasters_column one_first\">\n<div class=\"cmsmasters_column_inner\">\n<div class=\"cmsmasters_posts_slider project\">\n\t\t\t<div id=\"cmsmasters_slider_kqqf0erei\" class=\"cmsmasters_owl_slider owl-carousel\" data-items=\"3\" data-single-item=\"false\" data-navigation=\"false\" data-auto-play=\"5000\"><div class=\"cmsmasters_owl_slider_item\"><!-- Start Posts Slider Project Article -->\n<article id=\"post-18754\" class=\"cmsmasters_slider_project post-18754 project type-project status-publish format-standard has-post-thumbnail hentry pj-categs-evenements-participatifs pj-tags-espace-public pj-tags-spectacle-participatif\">\n\t<div class=\"cmsmasters_slider_project_outer\">\n\t<div class=\"project_img_wrap\"><figure class=\"cmsmasters_img_rollover_wrap preloader\"><img loading=\"lazy\" decoding=\"async\" width=\"500\" height=\"340\" src=\"https:\/\/www.engrenages.eu\/wp-content\/uploads\/2018\/07\/LA-GRANDE-DEAMBULE_plaquette-RAFCOM-500x340.png\" class=\"full-width wp-post-image\" alt=\"La Grande D\u00e9ambule\" title=\"LA GRANDE D\u00c9AMBULE_plaquette RAFCOM\"><div class=\"cmsmasters_img_rollover\"><a href=\"https:\/\/www.engrenages.eu\/en\/projet\/la-grande-deambule\/\" title=\"La Grande D\u00e9ambule\" class=\"cmsmasters_open_post_link cmsmasters_theme_icon_post_link\"><\/a><\/div><\/figure><\/div><div class=\"cmsmasters_slider_project_inner\"><header class=\"cmsmasters_slider_project_header entry-header\"><h2 class=\"cmsmasters_slider_project_title entry-title\"><a href=\"https:\/\/www.engrenages.eu\/en\/projet\/la-grande-deambule\/\">La Grande D\u00e9ambule<\/a><\/h2><\/header><div class=\"cmsmasters_slider_project_more_info_wrap\"><div class=\"cmsmasters_slider_post_read_more_wrap\"><a class=\"cmsmasters_slider_post_read_more button\" href=\"https:\/\/www.engrenages.eu\/en\/projet\/la-grande-deambule\/\">En savoir plus\u2026<\/a><\/div><\/div><\/div>\t<\/div>\n<\/article>\n<!-- Finish Posts Slider Project Article -->\n\n<\/div><div class=\"cmsmasters_owl_slider_item\"><!-- Start Posts Slider Project Article -->\n<article id=\"post-26138\" class=\"cmsmasters_slider_project post-26138 project type-project status-publish format-standard has-post-thumbnail hentry pj-categs-dance pj-categs-music pj-categs-participatory-events pj-tags-participatory-show pj-tags-espace-public-en pj-tags-stage-area\">\n\t<div class=\"cmsmasters_slider_project_outer\">\n\t<div class=\"project_img_wrap\"><figure class=\"cmsmasters_img_rollover_wrap preloader\"><img loading=\"lazy\" decoding=\"async\" width=\"454\" height=\"340\" src=\"https:\/\/www.engrenages.eu\/wp-content\/uploads\/2020\/09\/20201125_221247-1536x921-1-532x398.jpg\" class=\"full-width wp-post-image\" alt=\"Kinyonga\" title=\"20201125_221247-1536x921\"><div class=\"cmsmasters_img_rollover\"><a href=\"https:\/\/www.engrenages.eu\/en\/projet\/kinyonga-groove-time\/\" title=\"Kinyonga\" class=\"cmsmasters_open_post_link cmsmasters_theme_icon_post_link\"><\/a><\/div><\/figure><\/div><div class=\"cmsmasters_slider_project_inner\"><header class=\"cmsmasters_slider_project_header entry-header\"><h2 class=\"cmsmasters_slider_project_title entry-title\"><a href=\"https:\/\/www.engrenages.eu\/en\/projet\/kinyonga-groove-time\/\">Kinyonga<\/a><\/h2><\/header><div class=\"cmsmasters_slider_project_more_info_wrap\"><div class=\"cmsmasters_slider_post_read_more_wrap\"><a class=\"cmsmasters_slider_post_read_more button\" href=\"https:\/\/www.engrenages.eu\/en\/projet\/kinyonga-groove-time\/\">Learn more\u2026<\/a><\/div><\/div><\/div>\t<\/div>\n<\/article>\n<!-- Finish Posts Slider Project Article -->\n\n<\/div><div class=\"cmsmasters_owl_slider_item\"><!-- Start Posts Slider Project Article -->\n<article id=\"post-18735\" class=\"cmsmasters_slider_project post-18735 project type-project status-publish format-standard has-post-thumbnail hentry pj-categs-danse pj-categs-evenements-participatifs pj-tags-espace-public pj-tags-spectacle-participatif\">\n\t<div class=\"cmsmasters_slider_project_outer\">\n\t<div class=\"project_img_wrap\"><figure class=\"cmsmasters_img_rollover_wrap preloader\"><img loading=\"lazy\" decoding=\"async\" width=\"454\" height=\"340\" src=\"https:\/\/www.engrenages.eu\/wp-content\/uploads\/2017\/12\/Soul_TrainO\u0302o\u0308\u00bc-\u00abrichard_louvet-13-532x398.jpg\" class=\"full-width wp-post-image\" alt=\"Soul Train Line\" title=\"Soul Train\"><div class=\"cmsmasters_img_rollover\"><a href=\"https:\/\/www.engrenages.eu\/en\/projet\/soul-train-line\/\" title=\"Soul Train Line\" class=\"cmsmasters_open_post_link cmsmasters_theme_icon_post_link\"><\/a><\/div><\/figure><\/div><div class=\"cmsmasters_slider_project_inner\"><header class=\"cmsmasters_slider_project_header entry-header\"><h2 class=\"cmsmasters_slider_project_title entry-title\"><a href=\"https:\/\/www.engrenages.eu\/en\/projet\/soul-train-line\/\">Soul Train Line<\/a><\/h2><\/header><div class=\"cmsmasters_slider_project_more_info_wrap\"><div class=\"cmsmasters_slider_post_read_more_wrap\"><a class=\"cmsmasters_slider_post_read_more button\" href=\"https:\/\/www.engrenages.eu\/en\/projet\/soul-train-line\/\">En savoir plus\u2026<\/a><\/div><\/div><\/div>\t<\/div>\n<\/article>\n<!-- Finish Posts Slider Project Article -->\n\n<\/div><div class=\"cmsmasters_owl_slider_item\"><!-- Start Posts Slider Project Article -->\n<article id=\"post-18763\" class=\"cmsmasters_slider_project post-18763 project type-project status-publish format-standard has-post-thumbnail hentry pj-categs-evenements-participatifs pj-tags-espace-public pj-tags-spectacle-participatif\">\n\t<div class=\"cmsmasters_slider_project_outer\">\n\t<div class=\"project_img_wrap\"><figure class=\"cmsmasters_img_rollover_wrap preloader\"><img loading=\"lazy\" decoding=\"async\" width=\"454\" height=\"340\" src=\"https:\/\/www.engrenages.eu\/wp-content\/uploads\/2018\/07\/136A4667-c-nicolas_joubard-1200x800-532x398.jpg\" class=\"full-width wp-post-image\" alt=\"Parade&nbsp;!\" title=\"136A4667-c-nicolas_joubard-1200x800\"><div class=\"cmsmasters_img_rollover\"><a href=\"https:\/\/www.engrenages.eu\/en\/projet\/parade\/\" title=\"Parade&nbsp;!\" class=\"cmsmasters_open_post_link cmsmasters_theme_icon_post_link\"><\/a><\/div><\/figure><\/div><div class=\"cmsmasters_slider_project_inner\"><header class=\"cmsmasters_slider_project_header entry-header\"><h2 class=\"cmsmasters_slider_project_title entry-title\"><a href=\"https:\/\/www.engrenages.eu\/en\/projet\/parade\/\" target=\"_blank\">Parade&nbsp;!<\/a><\/h2><\/header><div class=\"cmsmasters_slider_project_more_info_wrap\"><div class=\"cmsmasters_slider_post_read_more_wrap\"><a class=\"cmsmasters_slider_post_read_more button\" href=\"https:\/\/www.engrenages.eu\/en\/projet\/parade\/\">Learn More\u2026<\/a><\/div><\/div><\/div>\t<\/div>\n<\/article>\n<!-- Finish Posts Slider Project Article -->\n\n<\/div><div class=\"cmsmasters_owl_slider_item\"><!-- Start Posts Slider Project Article -->\n<article id=\"post-21710\" class=\"cmsmasters_slider_project post-21710 project type-project status-publish format-standard has-post-thumbnail hentry pj-categs-evenements-participatifs pj-tags-espace-public pj-tags-spectacle-participatif\">\n\t<div class=\"cmsmasters_slider_project_outer\">\n\t<div class=\"project_img_wrap\"><figure class=\"cmsmasters_img_rollover_wrap preloader\"><img loading=\"lazy\" decoding=\"async\" width=\"454\" height=\"340\" src=\"https:\/\/www.engrenages.eu\/wp-content\/uploads\/2021\/02\/Thom-20201105155423_THM4516-532x398.jpg\" class=\"full-width wp-post-image\" alt=\"Projet Kinyonga \u2013 Roches aux F\u00e9es Communaut\u00e9\" title=\"Thom-20201105155423_THM4516\"><div class=\"cmsmasters_img_rollover\"><a href=\"https:\/\/www.engrenages.eu\/en\/projet\/kinyongarocheauxfees\/\" title=\"Projet Kinyonga \u2013 Roches aux F\u00e9es Communaut\u00e9\" class=\"cmsmasters_open_post_link cmsmasters_theme_icon_post_link\"><\/a><\/div><\/figure><\/div><div class=\"cmsmasters_slider_project_inner\"><header class=\"cmsmasters_slider_project_header entry-header\"><h2 class=\"cmsmasters_slider_project_title entry-title\"><a href=\"https:\/\/www.engrenages.eu\/en\/projet\/kinyongarocheauxfees\/\" target=\"_blank\">Projet Kinyonga \u2013 Roches aux F\u00e9es Communaut\u00e9<\/a><\/h2><\/header><div class=\"cmsmasters_slider_project_more_info_wrap\"><div class=\"cmsmasters_slider_post_read_more_wrap\"><a class=\"cmsmasters_slider_post_read_more button\" href=\"https:\/\/www.engrenages.eu\/en\/projet\/kinyongarocheauxfees\/\">Learn More\u2026<\/a><\/div><\/div><\/div>\t<\/div>\n<\/article>\n<!-- Finish Posts Slider Project Article -->\n\n<\/div><\/div><\/div>\n<\/div><\/div>\n<\/div>\n<\/div>\n<\/div>\n<\/div>\n<\/div>\n\n","protected":false},"excerpt":{"rendered":"","protected":false},"author":2,"featured_media":24385,"parent":0,"menu_order":6,"comment_status":"closed","ping_status":"closed","template":"","meta":{"wp_typography_post_enhancements_disabled":false,"footnotes":""},"class_list":["post-25998","page","type-page","status-publish","has-post-thumbnail","hentry"],"yoast_head":"<!-- This site is optimized with the Yoast SEO plugin v27.4 - https:\/\/yoast.com\/product\/yoast-seo-wordpress\/ -->\n<title>Events - Engrenage[s], G\u00e9n\u00e9rateur de projets artistiques \u00e0 Rennes<\/title>\n<meta name=\"robots\" content=\"index, follow, max-snippet:-1, max-image-preview:large, max-video-preview:-1\" \/>\n<link rel=\"canonical\" href=\"https:\/\/www.engrenages.eu\/en\/events\/\" \/>\n<meta property=\"og:locale\" content=\"en_US\" \/>\n<meta property=\"og:type\" content=\"article\" \/>\n<meta property=\"og:title\" content=\"Events - Engrenage[s], G\u00e9n\u00e9rateur de projets artistiques \u00e0 Rennes\" \/>\n<meta property=\"og:url\" content=\"https:\/\/www.engrenages.eu\/en\/events\/\" \/>\n<meta property=\"og:site_name\" content=\"Engrenage[s]\" \/>\n<meta property=\"article:publisher\" content=\"https:\/\/www.facebook.com\/engrenagesrennes\" \/>\n<meta property=\"article:modified_time\" content=\"2024-11-07T07:12:06+00:00\" \/>\n<meta property=\"og:image\" content=\"https:\/\/www.engrenages.eu\/wp-content\/uploads\/2017\/09\/Parade-Nicolas-Joubard-2.jpg\" \/>\n\t<meta property=\"og:image:width\" content=\"1050\" \/>\n\t<meta property=\"og:image:height\" content=\"700\" \/>\n\t<meta property=\"og:image:type\" content=\"image\/jpeg\" \/>\n<meta name=\"twitter:card\" content=\"summary_large_image\" \/>\n<meta name=\"twitter:label1\" content=\"Est. reading time\" \/>\n\t<meta name=\"twitter:data1\" content=\"2 minutes\" \/>\n<script type=\"application\/ld+json\" class=\"yoast-schema-graph\">{\"@context\":\"https:\\\/\\\/schema.org\",\"@graph\":[{\"@type\":\"WebPage\",\"@id\":\"https:\\\/\\\/www.engrenages.eu\\\/en\\\/events\\\/\",\"url\":\"https:\\\/\\\/www.engrenages.eu\\\/en\\\/events\\\/\",\"name\":\"Events - Engrenage[s], G\u00e9n\u00e9rateur de projets artistiques \u00e0 Rennes\",\"isPartOf\":{\"@id\":\"https:\\\/\\\/www.engrenages.eu\\\/en\\\/#website\"},\"primaryImageOfPage\":{\"@id\":\"https:\\\/\\\/www.engrenages.eu\\\/en\\\/events\\\/#primaryimage\"},\"image\":{\"@id\":\"https:\\\/\\\/www.engrenages.eu\\\/en\\\/events\\\/#primaryimage\"},\"thumbnailUrl\":\"https:\\\/\\\/www.engrenages.eu\\\/wp-content\\\/uploads\\\/2017\\\/09\\\/Parade-Nicolas-Joubard-2.jpg\",\"datePublished\":\"2017-09-14T03:49:38+00:00\",\"dateModified\":\"2024-11-07T07:12:06+00:00\",\"breadcrumb\":{\"@id\":\"https:\\\/\\\/www.engrenages.eu\\\/en\\\/events\\\/#breadcrumb\"},\"inLanguage\":\"en-US\",\"potentialAction\":[{\"@type\":\"ReadAction\",\"target\":[\"https:\\\/\\\/www.engrenages.eu\\\/en\\\/events\\\/\"]}]},{\"@type\":\"ImageObject\",\"inLanguage\":\"en-US\",\"@id\":\"https:\\\/\\\/www.engrenages.eu\\\/en\\\/events\\\/#primaryimage\",\"url\":\"https:\\\/\\\/www.engrenages.eu\\\/wp-content\\\/uploads\\\/2017\\\/09\\\/Parade-Nicolas-Joubard-2.jpg\",\"contentUrl\":\"https:\\\/\\\/www.engrenages.eu\\\/wp-content\\\/uploads\\\/2017\\\/09\\\/Parade-Nicolas-Joubard-2.jpg\",\"width\":1050,\"height\":700},{\"@type\":\"BreadcrumbList\",\"@id\":\"https:\\\/\\\/www.engrenages.eu\\\/en\\\/events\\\/#breadcrumb\",\"itemListElement\":[{\"@type\":\"ListItem\",\"position\":1,\"name\":\"Home\",\"item\":\"https:\\\/\\\/www.engrenages.eu\\\/en\\\/home\\\/\"},{\"@type\":\"ListItem\",\"position\":2,\"name\":\"Events\"}]},{\"@type\":\"WebSite\",\"@id\":\"https:\\\/\\\/www.engrenages.eu\\\/en\\\/#website\",\"url\":\"https:\\\/\\\/www.engrenages.eu\\\/en\\\/\",\"name\":\"Engrenage[s]\",\"description\":\"G\u00e9n\u00e9rateur de projets artistiques \u00e0 Rennes\",\"publisher\":{\"@id\":\"https:\\\/\\\/www.engrenages.eu\\\/en\\\/#organization\"},\"potentialAction\":[{\"@type\":\"SearchAction\",\"target\":{\"@type\":\"EntryPoint\",\"urlTemplate\":\"https:\\\/\\\/www.engrenages.eu\\\/en\\\/?s={search_term_string}\"},\"query-input\":{\"@type\":\"PropertyValueSpecification\",\"valueRequired\":true,\"valueName\":\"search_term_string\"}}],\"inLanguage\":\"en-US\"},{\"@type\":\"Organization\",\"@id\":\"https:\\\/\\\/www.engrenages.eu\\\/en\\\/#organization\",\"name\":\"Engrenage[s]\",\"url\":\"https:\\\/\\\/www.engrenages.eu\\\/en\\\/\",\"logo\":{\"@type\":\"ImageObject\",\"inLanguage\":\"en-US\",\"@id\":\"https:\\\/\\\/www.engrenages.eu\\\/en\\\/#\\\/schema\\\/logo\\\/image\\\/\",\"url\":\"https:\\\/\\\/www.engrenages.eu\\\/wp-content\\\/uploads\\\/2017\\\/08\\\/logo-retina.png\",\"contentUrl\":\"https:\\\/\\\/www.engrenages.eu\\\/wp-content\\\/uploads\\\/2017\\\/08\\\/logo-retina.png\",\"width\":400,\"height\":100,\"caption\":\"Engrenage[s]\"},\"image\":{\"@id\":\"https:\\\/\\\/www.engrenages.eu\\\/en\\\/#\\\/schema\\\/logo\\\/image\\\/\"},\"sameAs\":[\"https:\\\/\\\/www.facebook.com\\\/engrenagesrennes\",\"https:\\\/\\\/www.instagram.com\\\/engrenages_rennes\\\/\",\"https:\\\/\\\/www.youtube.com\\\/user\\\/compagnieengrenage\"]}]}<\/script>\n<!-- \/ Yoast SEO plugin. -->","yoast_head_json":{"title":"Events - Engrenage[s], G\u00e9n\u00e9rateur de projets artistiques \u00e0 Rennes","robots":{"index":"index","follow":"follow","max-snippet":"max-snippet:-1","max-image-preview":"max-image-preview:large","max-video-preview":"max-video-preview:-1"},"canonical":"https:\/\/www.engrenages.eu\/en\/events\/","og_locale":"en_US","og_type":"article","og_title":"Events - Engrenage[s], G\u00e9n\u00e9rateur de projets artistiques \u00e0 Rennes","og_url":"https:\/\/www.engrenages.eu\/en\/events\/","og_site_name":"Engrenage[s]","article_publisher":"https:\/\/www.facebook.com\/engrenagesrennes","article_modified_time":"2024-11-07T07:12:06+00:00","og_image":[{"width":1050,"height":700,"url":"https:\/\/www.engrenages.eu\/wp-content\/uploads\/2017\/09\/Parade-Nicolas-Joubard-2.jpg","type":"image\/jpeg"}],"twitter_card":"summary_large_image","twitter_misc":{"Est. reading time":"2 minutes"},"schema":{"@context":"https:\/\/schema.org","@graph":[{"@type":"WebPage","@id":"https:\/\/www.engrenages.eu\/en\/events\/","url":"https:\/\/www.engrenages.eu\/en\/events\/","name":"Events - Engrenage[s], G\u00e9n\u00e9rateur de projets artistiques \u00e0 Rennes","isPartOf":{"@id":"https:\/\/www.engrenages.eu\/en\/#website"},"primaryImageOfPage":{"@id":"https:\/\/www.engrenages.eu\/en\/events\/#primaryimage"},"image":{"@id":"https:\/\/www.engrenages.eu\/en\/events\/#primaryimage"},"thumbnailUrl":"https:\/\/www.engrenages.eu\/wp-content\/uploads\/2017\/09\/Parade-Nicolas-Joubard-2.jpg","datePublished":"2017-09-14T03:49:38+00:00","dateModified":"2024-11-07T07:12:06+00:00","breadcrumb":{"@id":"https:\/\/www.engrenages.eu\/en\/events\/#breadcrumb"},"inLanguage":"en-US","potentialAction":[{"@type":"ReadAction","target":["https:\/\/www.engrenages.eu\/en\/events\/"]}]},{"@type":"ImageObject","inLanguage":"en-US","@id":"https:\/\/www.engrenages.eu\/en\/events\/#primaryimage","url":"https:\/\/www.engrenages.eu\/wp-content\/uploads\/2017\/09\/Parade-Nicolas-Joubard-2.jpg","contentUrl":"https:\/\/www.engrenages.eu\/wp-content\/uploads\/2017\/09\/Parade-Nicolas-Joubard-2.jpg","width":1050,"height":700},{"@type":"BreadcrumbList","@id":"https:\/\/www.engrenages.eu\/en\/events\/#breadcrumb","itemListElement":[{"@type":"ListItem","position":1,"name":"Home","item":"https:\/\/www.engrenages.eu\/en\/home\/"},{"@type":"ListItem","position":2,"name":"Events"}]},{"@type":"WebSite","@id":"https:\/\/www.engrenages.eu\/en\/#website","url":"https:\/\/www.engrenages.eu\/en\/","name":"Engrenage[s]","description":"G\u00e9n\u00e9rateur de projets artistiques \u00e0 Rennes","publisher":{"@id":"https:\/\/www.engrenages.eu\/en\/#organization"},"potentialAction":[{"@type":"SearchAction","target":{"@type":"EntryPoint","urlTemplate":"https:\/\/www.engrenages.eu\/en\/?s={search_term_string}"},"query-input":{"@type":"PropertyValueSpecification","valueRequired":true,"valueName":"search_term_string"}}],"inLanguage":"en-US"},{"@type":"Organization","@id":"https:\/\/www.engrenages.eu\/en\/#organization","name":"Engrenage[s]","url":"https:\/\/www.engrenages.eu\/en\/","logo":{"@type":"ImageObject","inLanguage":"en-US","@id":"https:\/\/www.engrenages.eu\/en\/#\/schema\/logo\/image\/","url":"https:\/\/www.engrenages.eu\/wp-content\/uploads\/2017\/08\/logo-retina.png","contentUrl":"https:\/\/www.engrenages.eu\/wp-content\/uploads\/2017\/08\/logo-retina.png","width":400,"height":100,"caption":"Engrenage[s]"},"image":{"@id":"https:\/\/www.engrenages.eu\/en\/#\/schema\/logo\/image\/"},"sameAs":["https:\/\/www.facebook.com\/engrenagesrennes","https:\/\/www.instagram.com\/engrenages_rennes\/","https:\/\/www.youtube.com\/user\/compagnieengrenage"]}]}},"_links":{"self":[{"href":"https:\/\/www.engrenages.eu\/en\/wp-json\/wp\/v2\/pages\/25998","targetHints":{"allow":["GET"]}}],"collection":[{"href":"https:\/\/www.engrenages.eu\/en\/wp-json\/wp\/v2\/pages"}],"about":[{"href":"https:\/\/www.engrenages.eu\/en\/wp-json\/wp\/v2\/types\/page"}],"author":[{"embeddable":true,"href":"https:\/\/www.engrenages.eu\/en\/wp-json\/wp\/v2\/users\/2"}],"replies":[{"embeddable":true,"href":"https:\/\/www.engrenages.eu\/en\/wp-json\/wp\/v2\/comments?post=25998"}],"version-history":[{"count":0,"href":"https:\/\/www.engrenages.eu\/en\/wp-json\/wp\/v2\/pages\/25998\/revisions"}],"wp:featuredmedia":[{"embeddable":true,"href":"https:\/\/www.engrenages.eu\/en\/wp-json\/wp\/v2\/media\/24385"}],"wp:attachment":[{"href":"https:\/\/www.engrenages.eu\/en\/wp-json\/wp\/v2\/media?parent=25998"}],"curies":[{"name":"wp","href":"https:\/\/api.w.org\/{rel}","templated":true}]}}