{"id":25974,"date":"2017-09-28T08:20:38","date_gmt":"2017-09-28T06:20:38","guid":{"rendered":"https:\/\/www.engrenages.eu\/?page_id=25974"},"modified":"2023-01-17T19:15:23","modified_gmt":"2023-01-17T18:15:23","slug":"newsletter-unsubscribe","status":"publish","type":"page","link":"https:\/\/www.engrenages.eu\/en\/newsletter-unsubscribe\/","title":{"rendered":"Newsletter \/\/ unsubscribe"},"content":{"rendered":"<div id=\"cmsmasters_row_\" class=\"cmsmasters_row cmsmasters_color_scheme_default cmsmasters_row_top_default cmsmasters_row_bot_default cmsmasters_row_boxed\">\n<div class=\"cmsmasters_row_outer_parent\">\n<div class=\"cmsmasters_row_outer\">\n<div class=\"cmsmasters_row_inner\">\n<div class=\"cmsmasters_row_margin\">\n<div id=\"cmsmasters_column_\" class=\"cmsmasters_column one_first\">\n<div class=\"cmsmasters_column_inner\"><div id=\"cmsmasters_heading_okwuyl250g\" class=\"cmsmasters_heading_wrap cmsmasters_heading_align_center\">\n\t<h2 class=\"cmsmasters_heading\">D\u00e9sabonnement<\/h2>\n<\/div><div class=\"aligncenter\"><div class=\"cmsmasters_img  cmsmasters_image_c\"><img decoding=\"async\" src=\"https:\/\/www.engrenages.eu\/wp-content\/uploads\/2015\/04\/separator.png\" alt=\"separator\"><\/div><\/div><div id=\"cmsmasters_fb_536facaymr\" class=\"cmsmasters_featured_block\">\n<div class=\"featured_block_inner\">\n<div class=\"featured_block_text\">\n<p style=\"color: #454545; font-size: 16px; line-height: 28px;\">Vous n\u2019\u00eates d\u00e9sor\u00admais plus abonn\u00e9(e) \u00e0 la news\u00adlet\u00adter men\u00adsuelle d\u2019Engrenage[s].<\/p>\n<p style=\"color: #454545; font-size: 16px; line-height: 28px;\">Votre d\u00e9sa\u00adbon\u00adne\u00adment est acci\u00adden\u00adtel&nbsp;? <a style=\"font-size: 16px; line-height: 28px;\" href=\"https:\/\/www.engrenages.eu\/newsletter-gestion-de-abonnement\/\">G\u00e9rer votre abon\u00adne\u00adment<\/a>\u2026<\/p>\n\n<\/div>\n<\/div>\n<\/div>\n<\/div><\/div>\n<\/div>\n<\/div>\n<\/div>\n<\/div>\n<\/div>\n\n","protected":false},"excerpt":{"rendered":"","protected":false},"author":2,"featured_media":24332,"parent":0,"menu_order":0,"comment_status":"closed","ping_status":"closed","template":"","meta":{"wp_typography_post_enhancements_disabled":false,"footnotes":""},"class_list":["post-25974","page","type-page","status-publish","has-post-thumbnail","hentry"],"yoast_head":"<!-- This site is optimized with the Yoast SEO plugin v27.5 - https:\/\/yoast.com\/product\/yoast-seo-wordpress\/ -->\n<title>Newsletter \/\/ unsubscribe - Engrenage[s], G\u00e9n\u00e9rateur de projets artistiques \u00e0 Rennes<\/title>\n<meta name=\"robots\" content=\"index, follow, max-snippet:-1, max-image-preview:large, max-video-preview:-1\" \/>\n<link rel=\"canonical\" href=\"https:\/\/www.engrenages.eu\/en\/newsletter-unsubscribe\/\" \/>\n<meta property=\"og:locale\" content=\"en_US\" \/>\n<meta property=\"og:type\" content=\"article\" \/>\n<meta property=\"og:title\" content=\"Newsletter \/\/ unsubscribe - Engrenage[s], G\u00e9n\u00e9rateur de projets artistiques \u00e0 Rennes\" \/>\n<meta property=\"og:url\" content=\"https:\/\/www.engrenages.eu\/en\/newsletter-unsubscribe\/\" \/>\n<meta property=\"og:site_name\" content=\"Engrenage[s]\" \/>\n<meta property=\"article:publisher\" content=\"https:\/\/www.facebook.com\/engrenagesrennes\" \/>\n<meta property=\"article:modified_time\" content=\"2023-01-17T18:15:23+00:00\" \/>\n<meta property=\"og:image\" content=\"https:\/\/www.engrenages.eu\/wp-content\/uploads\/2007\/06\/Soultrain12Leger.jpg\" \/>\n\t<meta property=\"og:image:width\" content=\"1000\" \/>\n\t<meta property=\"og:image:height\" content=\"714\" \/>\n\t<meta property=\"og:image:type\" content=\"image\/jpeg\" \/>\n<meta name=\"twitter:card\" content=\"summary_large_image\" \/>\n<meta name=\"twitter:label1\" content=\"Est. reading time\" \/>\n\t<meta name=\"twitter:data1\" content=\"1 minute\" \/>\n<script type=\"application\/ld+json\" class=\"yoast-schema-graph\">{\"@context\":\"https:\\\/\\\/schema.org\",\"@graph\":[{\"@type\":\"WebPage\",\"@id\":\"https:\\\/\\\/www.engrenages.eu\\\/en\\\/newsletter-unsubscribe\\\/\",\"url\":\"https:\\\/\\\/www.engrenages.eu\\\/en\\\/newsletter-unsubscribe\\\/\",\"name\":\"Newsletter \\\/\\\/ unsubscribe - Engrenage[s], G\u00e9n\u00e9rateur de projets artistiques \u00e0 Rennes\",\"isPartOf\":{\"@id\":\"https:\\\/\\\/www.engrenages.eu\\\/en\\\/#website\"},\"primaryImageOfPage\":{\"@id\":\"https:\\\/\\\/www.engrenages.eu\\\/en\\\/newsletter-unsubscribe\\\/#primaryimage\"},\"image\":{\"@id\":\"https:\\\/\\\/www.engrenages.eu\\\/en\\\/newsletter-unsubscribe\\\/#primaryimage\"},\"thumbnailUrl\":\"https:\\\/\\\/www.engrenages.eu\\\/wp-content\\\/uploads\\\/2007\\\/06\\\/Soultrain12Leger.jpg\",\"datePublished\":\"2017-09-28T06:20:38+00:00\",\"dateModified\":\"2023-01-17T18:15:23+00:00\",\"breadcrumb\":{\"@id\":\"https:\\\/\\\/www.engrenages.eu\\\/en\\\/newsletter-unsubscribe\\\/#breadcrumb\"},\"inLanguage\":\"en-US\",\"potentialAction\":[{\"@type\":\"ReadAction\",\"target\":[\"https:\\\/\\\/www.engrenages.eu\\\/en\\\/newsletter-unsubscribe\\\/\"]}]},{\"@type\":\"ImageObject\",\"inLanguage\":\"en-US\",\"@id\":\"https:\\\/\\\/www.engrenages.eu\\\/en\\\/newsletter-unsubscribe\\\/#primaryimage\",\"url\":\"https:\\\/\\\/www.engrenages.eu\\\/wp-content\\\/uploads\\\/2007\\\/06\\\/Soultrain12Leger.jpg\",\"contentUrl\":\"https:\\\/\\\/www.engrenages.eu\\\/wp-content\\\/uploads\\\/2007\\\/06\\\/Soultrain12Leger.jpg\",\"width\":1000,\"height\":714},{\"@type\":\"BreadcrumbList\",\"@id\":\"https:\\\/\\\/www.engrenages.eu\\\/en\\\/newsletter-unsubscribe\\\/#breadcrumb\",\"itemListElement\":[{\"@type\":\"ListItem\",\"position\":1,\"name\":\"Home\",\"item\":\"https:\\\/\\\/www.engrenages.eu\\\/en\\\/home\\\/\"},{\"@type\":\"ListItem\",\"position\":2,\"name\":\"Newsletter \\\/\\\/ unsubscribe\"}]},{\"@type\":\"WebSite\",\"@id\":\"https:\\\/\\\/www.engrenages.eu\\\/en\\\/#website\",\"url\":\"https:\\\/\\\/www.engrenages.eu\\\/en\\\/\",\"name\":\"Engrenage[s]\",\"description\":\"G\u00e9n\u00e9rateur de projets artistiques \u00e0 Rennes\",\"publisher\":{\"@id\":\"https:\\\/\\\/www.engrenages.eu\\\/en\\\/#organization\"},\"potentialAction\":[{\"@type\":\"SearchAction\",\"target\":{\"@type\":\"EntryPoint\",\"urlTemplate\":\"https:\\\/\\\/www.engrenages.eu\\\/en\\\/?s={search_term_string}\"},\"query-input\":{\"@type\":\"PropertyValueSpecification\",\"valueRequired\":true,\"valueName\":\"search_term_string\"}}],\"inLanguage\":\"en-US\"},{\"@type\":\"Organization\",\"@id\":\"https:\\\/\\\/www.engrenages.eu\\\/en\\\/#organization\",\"name\":\"Engrenage[s]\",\"url\":\"https:\\\/\\\/www.engrenages.eu\\\/en\\\/\",\"logo\":{\"@type\":\"ImageObject\",\"inLanguage\":\"en-US\",\"@id\":\"https:\\\/\\\/www.engrenages.eu\\\/en\\\/#\\\/schema\\\/logo\\\/image\\\/\",\"url\":\"https:\\\/\\\/www.engrenages.eu\\\/wp-content\\\/uploads\\\/2017\\\/08\\\/logo-retina.png\",\"contentUrl\":\"https:\\\/\\\/www.engrenages.eu\\\/wp-content\\\/uploads\\\/2017\\\/08\\\/logo-retina.png\",\"width\":400,\"height\":100,\"caption\":\"Engrenage[s]\"},\"image\":{\"@id\":\"https:\\\/\\\/www.engrenages.eu\\\/en\\\/#\\\/schema\\\/logo\\\/image\\\/\"},\"sameAs\":[\"https:\\\/\\\/www.facebook.com\\\/engrenagesrennes\",\"https:\\\/\\\/www.instagram.com\\\/engrenages_rennes\\\/\",\"https:\\\/\\\/www.youtube.com\\\/user\\\/compagnieengrenage\"]}]}<\/script>\n<!-- \/ Yoast SEO plugin. -->","yoast_head_json":{"title":"Newsletter \/\/ unsubscribe - Engrenage[s], G\u00e9n\u00e9rateur de projets artistiques \u00e0 Rennes","robots":{"index":"index","follow":"follow","max-snippet":"max-snippet:-1","max-image-preview":"max-image-preview:large","max-video-preview":"max-video-preview:-1"},"canonical":"https:\/\/www.engrenages.eu\/en\/newsletter-unsubscribe\/","og_locale":"en_US","og_type":"article","og_title":"Newsletter \/\/ unsubscribe - Engrenage[s], G\u00e9n\u00e9rateur de projets artistiques \u00e0 Rennes","og_url":"https:\/\/www.engrenages.eu\/en\/newsletter-unsubscribe\/","og_site_name":"Engrenage[s]","article_publisher":"https:\/\/www.facebook.com\/engrenagesrennes","article_modified_time":"2023-01-17T18:15:23+00:00","og_image":[{"width":1000,"height":714,"url":"https:\/\/www.engrenages.eu\/wp-content\/uploads\/2007\/06\/Soultrain12Leger.jpg","type":"image\/jpeg"}],"twitter_card":"summary_large_image","twitter_misc":{"Est. reading time":"1 minute"},"schema":{"@context":"https:\/\/schema.org","@graph":[{"@type":"WebPage","@id":"https:\/\/www.engrenages.eu\/en\/newsletter-unsubscribe\/","url":"https:\/\/www.engrenages.eu\/en\/newsletter-unsubscribe\/","name":"Newsletter \/\/ unsubscribe - Engrenage[s], G\u00e9n\u00e9rateur de projets artistiques \u00e0 Rennes","isPartOf":{"@id":"https:\/\/www.engrenages.eu\/en\/#website"},"primaryImageOfPage":{"@id":"https:\/\/www.engrenages.eu\/en\/newsletter-unsubscribe\/#primaryimage"},"image":{"@id":"https:\/\/www.engrenages.eu\/en\/newsletter-unsubscribe\/#primaryimage"},"thumbnailUrl":"https:\/\/www.engrenages.eu\/wp-content\/uploads\/2007\/06\/Soultrain12Leger.jpg","datePublished":"2017-09-28T06:20:38+00:00","dateModified":"2023-01-17T18:15:23+00:00","breadcrumb":{"@id":"https:\/\/www.engrenages.eu\/en\/newsletter-unsubscribe\/#breadcrumb"},"inLanguage":"en-US","potentialAction":[{"@type":"ReadAction","target":["https:\/\/www.engrenages.eu\/en\/newsletter-unsubscribe\/"]}]},{"@type":"ImageObject","inLanguage":"en-US","@id":"https:\/\/www.engrenages.eu\/en\/newsletter-unsubscribe\/#primaryimage","url":"https:\/\/www.engrenages.eu\/wp-content\/uploads\/2007\/06\/Soultrain12Leger.jpg","contentUrl":"https:\/\/www.engrenages.eu\/wp-content\/uploads\/2007\/06\/Soultrain12Leger.jpg","width":1000,"height":714},{"@type":"BreadcrumbList","@id":"https:\/\/www.engrenages.eu\/en\/newsletter-unsubscribe\/#breadcrumb","itemListElement":[{"@type":"ListItem","position":1,"name":"Home","item":"https:\/\/www.engrenages.eu\/en\/home\/"},{"@type":"ListItem","position":2,"name":"Newsletter \/\/ unsubscribe"}]},{"@type":"WebSite","@id":"https:\/\/www.engrenages.eu\/en\/#website","url":"https:\/\/www.engrenages.eu\/en\/","name":"Engrenage[s]","description":"G\u00e9n\u00e9rateur de projets artistiques \u00e0 Rennes","publisher":{"@id":"https:\/\/www.engrenages.eu\/en\/#organization"},"potentialAction":[{"@type":"SearchAction","target":{"@type":"EntryPoint","urlTemplate":"https:\/\/www.engrenages.eu\/en\/?s={search_term_string}"},"query-input":{"@type":"PropertyValueSpecification","valueRequired":true,"valueName":"search_term_string"}}],"inLanguage":"en-US"},{"@type":"Organization","@id":"https:\/\/www.engrenages.eu\/en\/#organization","name":"Engrenage[s]","url":"https:\/\/www.engrenages.eu\/en\/","logo":{"@type":"ImageObject","inLanguage":"en-US","@id":"https:\/\/www.engrenages.eu\/en\/#\/schema\/logo\/image\/","url":"https:\/\/www.engrenages.eu\/wp-content\/uploads\/2017\/08\/logo-retina.png","contentUrl":"https:\/\/www.engrenages.eu\/wp-content\/uploads\/2017\/08\/logo-retina.png","width":400,"height":100,"caption":"Engrenage[s]"},"image":{"@id":"https:\/\/www.engrenages.eu\/en\/#\/schema\/logo\/image\/"},"sameAs":["https:\/\/www.facebook.com\/engrenagesrennes","https:\/\/www.instagram.com\/engrenages_rennes\/","https:\/\/www.youtube.com\/user\/compagnieengrenage"]}]}},"_links":{"self":[{"href":"https:\/\/www.engrenages.eu\/en\/wp-json\/wp\/v2\/pages\/25974","targetHints":{"allow":["GET"]}}],"collection":[{"href":"https:\/\/www.engrenages.eu\/en\/wp-json\/wp\/v2\/pages"}],"about":[{"href":"https:\/\/www.engrenages.eu\/en\/wp-json\/wp\/v2\/types\/page"}],"author":[{"embeddable":true,"href":"https:\/\/www.engrenages.eu\/en\/wp-json\/wp\/v2\/users\/2"}],"replies":[{"embeddable":true,"href":"https:\/\/www.engrenages.eu\/en\/wp-json\/wp\/v2\/comments?post=25974"}],"version-history":[{"count":0,"href":"https:\/\/www.engrenages.eu\/en\/wp-json\/wp\/v2\/pages\/25974\/revisions"}],"wp:featuredmedia":[{"embeddable":true,"href":"https:\/\/www.engrenages.eu\/en\/wp-json\/wp\/v2\/media\/24332"}],"wp:attachment":[{"href":"https:\/\/www.engrenages.eu\/en\/wp-json\/wp\/v2\/media?parent=25974"}],"curies":[{"name":"wp","href":"https:\/\/api.w.org\/{rel}","templated":true}]}}