{"id":25963,"date":"2018-01-05T14:27:16","date_gmt":"2018-01-05T13:27:16","guid":{"rendered":"https:\/\/www.engrenages.eu\/?page_id=25963"},"modified":"2024-11-21T17:37:22","modified_gmt":"2024-11-21T16:37:22","slug":"project-leaders","status":"publish","type":"page","link":"https:\/\/www.engrenages.eu\/en\/project-leaders\/","title":{"rendered":"Project leaders"},"content":{"rendered":"<div id=\"cmsmasters_row_30zpuezwur\" class=\"cmsmasters_row cmsmasters_color_scheme_default cmsmasters_row_top_default cmsmasters_row_bot_default cmsmasters_row_boxed\">\n<div class=\"cmsmasters_row_outer_parent\">\n<div class=\"cmsmasters_row_outer\">\n<div class=\"cmsmasters_row_inner\">\n<div class=\"cmsmasters_row_margin\">\n<div id=\"cmsmasters_column_oy14rim0q\" class=\"cmsmasters_column one_first\">\n<div class=\"cmsmasters_column_inner\"><div id=\"cmsmasters_fb_scuzfgwjmi\" class=\"cmsmasters_featured_block\">\n<div class=\"featured_block_inner\">\n<div class=\"featured_block_text\">\n<p>Engrenage[s] is a col\u00adlec\u00adtion of power\u00adful forces at the ser\u00advice of our pro\u00adjects&nbsp;! The \u2018 Gene\u00adra\u00adtor \u2019 would not be what it is without the vast array of skills and ener\u00adgies that form its core. Dis\u00adco\u00adver our artis\u00adtic teams here&nbsp;!<\/p>\n\n<\/div>\n<\/div>\n<\/div>\n<\/div><\/div>\n<\/div>\n<\/div>\n<\/div>\n<\/div>\n<\/div>\n<div id=\"cmsmasters_row_omb7hjg6rb\" class=\"cmsmasters_row cmsmasters_color_scheme_default cmsmasters_row_top_default cmsmasters_row_bot_default cmsmasters_row_boxed\">\n<div class=\"cmsmasters_row_outer_parent\">\n<div class=\"cmsmasters_row_outer\">\n<div class=\"cmsmasters_row_inner\">\n<div class=\"cmsmasters_row_margin\">\n<div id=\"cmsmasters_column_bsmvd5o8gn\" class=\"cmsmasters_column one_first\">\n<div class=\"cmsmasters_column_inner\"><div id=\"cmsmasters_profile_69ec51b66b4fc\" class=\"cmsmasters_profile horizontal\">\n<!-- Start Profile Horizontal Article -->\n<article id=\"post-26232\" class=\"cmsmasters_profile_horizontal one_fourth post-26232 profile type-profile status-publish has-post-thumbnail hentry pl-categs-artistic-team\">\n\t<div class=\"profile_outer\">\n\t<div class=\"cmsmasters_profile_img_wrap\"><div class=\"profile_social_icons\"><ul class=\"profile_social_icons_list\"><li><a href=\"https:\/\/www.facebook.com\/franco.funkysmile\" class=\"cmsmasters_social_icon cmsmasters_social_icon_lsjo827ztp_1 cmsmasters-icon-facebook-circled cmsmasters_social_icon_color\" title target=\"_blank\"><\/a><\/li><li><a href=\"#\" class=\"cmsmasters_social_icon cmsmasters_social_icon_lsjo827ztp_2 cmsmasters-icon-instagram-1\" title><\/a><\/li><\/ul><\/div><figure class=\"cmsmasters_img_rollover_wrap preloader\"><img loading=\"lazy\" decoding=\"async\" width=\"300\" height=\"300\" src=\"https:\/\/www.engrenages.eu\/wp-content\/uploads\/2018\/02\/franco-300x300.jpg\" class=\"full-width wp-post-image\" alt=\"Franco\" title=\"franco\" srcset=\"https:\/\/www.engrenages.eu\/wp-content\/uploads\/2018\/02\/franco-300x300.jpg 300w, https:\/\/www.engrenages.eu\/wp-content\/uploads\/2018\/02\/franco-150x150.jpg 150w, https:\/\/www.engrenages.eu\/wp-content\/uploads\/2018\/02\/franco-768x768.jpg 768w, https:\/\/www.engrenages.eu\/wp-content\/uploads\/2018\/02\/franco-70x70.jpg 70w, https:\/\/www.engrenages.eu\/wp-content\/uploads\/2018\/02\/franco-360x360.jpg 360w, https:\/\/www.engrenages.eu\/wp-content\/uploads\/2018\/02\/franco-580x580.jpg 580w, https:\/\/www.engrenages.eu\/wp-content\/uploads\/2018\/02\/franco-860x860.jpg 860w, https:\/\/www.engrenages.eu\/wp-content\/uploads\/2018\/02\/franco.jpg 960w\" sizes=\"auto, (max-width: 300px) 100vw, 300px\"><div class=\"cmsmasters_img_rollover\"><a href=\"https:\/\/www.engrenages.eu\/en\/profil\/franco\/\" title=\"Franco\" class=\"cmsmasters_open_post_link cmsmasters_theme_icon_post_link\"><\/a><\/div><\/figure><\/div><div class=\"profile_inner\"><header class=\"cmsmasters_profile_header entry-header\"><h4 class=\"cmsmasters_profile_title entry-title\"><a href=\"https:\/\/www.engrenages.eu\/en\/profil\/franco\/\">Franco<\/a><\/h4><h6 class=\"cmsmasters_profile_subtitle\">Choreographer and dancer<\/h6><\/header><\/div>\t<\/div>\n<\/article>\n<!-- Finish Profile Horizontal Article -->\n\n<!-- Start Profile Horizontal Article -->\n<article id=\"post-26275\" class=\"cmsmasters_profile_horizontal one_fourth post-26275 profile type-profile status-publish has-post-thumbnail hentry pl-categs-artistic-team\">\n\t<div class=\"profile_outer\">\n\t<div class=\"cmsmasters_profile_img_wrap\"><div class=\"profile_social_icons\"><ul class=\"profile_social_icons_list\"><li><a href=\"https:\/\/www.facebook.com\/elodie.beaudet.7\" class=\"cmsmasters_social_icon cmsmasters_social_icon_lsjo827ztp_1 cmsmasters-icon-facebook-circled cmsmasters_social_icon_color\" title target=\"_blank\"><\/a><\/li><li><a href=\"https:\/\/www.instagram.com\/elo.kddt\/\" class=\"cmsmasters_social_icon cmsmasters_social_icon_lsjo827ztp_2 cmsmasters-icon-instagram-1 cmsmasters_social_icon_color\" title target=\"_blank\"><\/a><\/li><\/ul><\/div><figure class=\"cmsmasters_img_rollover_wrap preloader\"><img loading=\"lazy\" decoding=\"async\" width=\"300\" height=\"300\" src=\"https:\/\/www.engrenages.eu\/wp-content\/uploads\/2021\/05\/Elodie-oberthur-suspens--300x300.png\" class=\"full-width wp-post-image\" alt=\"\u00c9lodie Beaudet\" title=\"Elodie oberth\u00fcr suspens\" srcset=\"https:\/\/www.engrenages.eu\/wp-content\/uploads\/2021\/05\/Elodie-oberthur-suspens--300x300.png 300w, https:\/\/www.engrenages.eu\/wp-content\/uploads\/2021\/05\/Elodie-oberthur-suspens--150x150.png 150w, https:\/\/www.engrenages.eu\/wp-content\/uploads\/2021\/05\/Elodie-oberthur-suspens--70x70.png 70w, https:\/\/www.engrenages.eu\/wp-content\/uploads\/2021\/05\/Elodie-oberthur-suspens--360x360.png 360w, https:\/\/www.engrenages.eu\/wp-content\/uploads\/2021\/05\/Elodie-oberthur-suspens--580x580.png 580w\" sizes=\"auto, (max-width: 300px) 100vw, 300px\"><div class=\"cmsmasters_img_rollover\"><a href=\"https:\/\/www.engrenages.eu\/en\/profil\/elodie-beaudet\/\" title=\"\u00c9lodie Beaudet\" class=\"cmsmasters_open_post_link cmsmasters_theme_icon_post_link\"><\/a><\/div><\/figure><\/div><div class=\"profile_inner\"><header class=\"cmsmasters_profile_header entry-header\"><h4 class=\"cmsmasters_profile_title entry-title\"><a href=\"https:\/\/www.engrenages.eu\/en\/profil\/elodie-beaudet\/\">\u00c9lodie Beaudet<\/a><\/h4><h6 class=\"cmsmasters_profile_subtitle\">Choreographer, dancer, bassist, and production and tour manager<\/h6><\/header><\/div>\t<\/div>\n<\/article>\n<!-- Finish Profile Horizontal Article -->\n\n<!-- Start Profile Horizontal Article -->\n<article id=\"post-29282\" class=\"cmsmasters_profile_horizontal one_fourth post-29282 profile type-profile status-publish has-post-thumbnail hentry pl-categs-equipe-artistique\">\n\t<div class=\"profile_outer\">\n\t<div class=\"cmsmasters_profile_img_wrap\"><figure class=\"cmsmasters_img_rollover_wrap preloader\"><img loading=\"lazy\" decoding=\"async\" width=\"300\" height=\"300\" src=\"https:\/\/www.engrenages.eu\/wp-content\/uploads\/2023\/11\/Capture-decran-2023-11-30-114213-300x300.png\" class=\"full-width wp-post-image\" alt=\"Ma\u00ebl Morel\" title=\"Capture d'\u00e9cran 2023-11-30 114213\" srcset=\"https:\/\/www.engrenages.eu\/wp-content\/uploads\/2023\/11\/Capture-decran-2023-11-30-114213-300x300.png 300w, https:\/\/www.engrenages.eu\/wp-content\/uploads\/2023\/11\/Capture-decran-2023-11-30-114213-150x150.png 150w, https:\/\/www.engrenages.eu\/wp-content\/uploads\/2023\/11\/Capture-decran-2023-11-30-114213-70x70.png 70w\" sizes=\"auto, (max-width: 300px) 100vw, 300px\"><div class=\"cmsmasters_img_rollover\"><a href=\"https:\/\/www.engrenages.eu\/en\/profil\/mael-morel-2\/\" title=\"Ma\u00ebl Morel\" class=\"cmsmasters_open_post_link cmsmasters_theme_icon_post_link\"><\/a><\/div><\/figure><\/div><div class=\"profile_inner\"><header class=\"cmsmasters_profile_header entry-header\"><h4 class=\"cmsmasters_profile_title entry-title\"><a href=\"https:\/\/www.engrenages.eu\/en\/profil\/mael-morel-2\/\">Ma\u00ebl Morel<\/a><\/h4><h6 class=\"cmsmasters_profile_subtitle\">Saxophoniste<\/h6><\/header><\/div>\t<\/div>\n<\/article>\n<!-- Finish Profile Horizontal Article -->\n\n<!-- Start Profile Horizontal Article -->\n<article id=\"post-29286\" class=\"cmsmasters_profile_horizontal one_fourth post-29286 profile type-profile status-publish has-post-thumbnail hentry pl-categs-equipe-artistique\">\n\t<div class=\"profile_outer\">\n\t<div class=\"cmsmasters_profile_img_wrap\"><figure class=\"cmsmasters_img_rollover_wrap preloader\"><img loading=\"lazy\" decoding=\"async\" width=\"300\" height=\"300\" src=\"https:\/\/www.engrenages.eu\/wp-content\/uploads\/2024\/11\/Capture-decran-2024-11-20-124514-300x300.png\" class=\"full-width wp-post-image\" alt=\"Geoffroy Langlais\" title=\"Capture d'\u00e9cran 2024-11-20 124514\" srcset=\"https:\/\/www.engrenages.eu\/wp-content\/uploads\/2024\/11\/Capture-decran-2024-11-20-124514-300x300.png 300w, https:\/\/www.engrenages.eu\/wp-content\/uploads\/2024\/11\/Capture-decran-2024-11-20-124514-150x150.png 150w, https:\/\/www.engrenages.eu\/wp-content\/uploads\/2024\/11\/Capture-decran-2024-11-20-124514-70x70.png 70w, https:\/\/www.engrenages.eu\/wp-content\/uploads\/2024\/11\/Capture-decran-2024-11-20-124514-360x360.png 360w, https:\/\/www.engrenages.eu\/wp-content\/uploads\/2024\/11\/Capture-decran-2024-11-20-124514-580x580.png 580w\" sizes=\"auto, (max-width: 300px) 100vw, 300px\"><div class=\"cmsmasters_img_rollover\"><a href=\"https:\/\/www.engrenages.eu\/en\/profil\/geoffroy-langlais\/\" title=\"Geoffroy Langlais\" class=\"cmsmasters_open_post_link cmsmasters_theme_icon_post_link\"><\/a><\/div><\/figure><\/div><div class=\"profile_inner\"><header class=\"cmsmasters_profile_header entry-header\"><h4 class=\"cmsmasters_profile_title entry-title\"><a href=\"https:\/\/www.engrenages.eu\/en\/profil\/geoffroy-langlais\/\">Geoffroy Langlais<\/a><\/h4><h6 class=\"cmsmasters_profile_subtitle\">Batteur, percussionniste<\/h6><\/header><\/div>\t<\/div>\n<\/article>\n<!-- Finish Profile Horizontal Article -->\n\n<!-- Start Profile Horizontal Article -->\n<article id=\"post-29308\" class=\"cmsmasters_profile_horizontal one_fourth post-29308 profile type-profile status-publish has-post-thumbnail hentry pl-categs-equipe-artistique\">\n\t<div class=\"profile_outer\">\n\t<div class=\"cmsmasters_profile_img_wrap\"><figure class=\"cmsmasters_img_rollover_wrap preloader\"><img loading=\"lazy\" decoding=\"async\" width=\"300\" height=\"300\" src=\"https:\/\/www.engrenages.eu\/wp-content\/uploads\/2018\/12\/costumerie-300x300.jpg\" class=\"full-width wp-post-image\" alt=\"No\u00ebmie Bourigault\" title=\"costumerie\" srcset=\"https:\/\/www.engrenages.eu\/wp-content\/uploads\/2018\/12\/costumerie-300x300.jpg 300w, https:\/\/www.engrenages.eu\/wp-content\/uploads\/2018\/12\/costumerie-150x150.jpg 150w, https:\/\/www.engrenages.eu\/wp-content\/uploads\/2018\/12\/costumerie-70x70.jpg 70w, https:\/\/www.engrenages.eu\/wp-content\/uploads\/2018\/12\/costumerie-360x360.jpg 360w\" sizes=\"auto, (max-width: 300px) 100vw, 300px\"><div class=\"cmsmasters_img_rollover\"><a href=\"https:\/\/www.engrenages.eu\/en\/profil\/noemie-bourigault\/\" title=\"No\u00ebmie Bourigault\" class=\"cmsmasters_open_post_link cmsmasters_theme_icon_post_link\"><\/a><\/div><\/figure><\/div><div class=\"profile_inner\"><header class=\"cmsmasters_profile_header entry-header\"><h4 class=\"cmsmasters_profile_title entry-title\"><a href=\"https:\/\/www.engrenages.eu\/en\/profil\/noemie-bourigault\/\">No\u00ebmie Bourigault<\/a><\/h4><h6 class=\"cmsmasters_profile_subtitle\">Costumi\u00e8re et artiste de rue<\/h6><\/header><\/div>\t<\/div>\n<\/article>\n<!-- Finish Profile Horizontal Article -->\n\n<!-- Start Profile Horizontal Article -->\n<article id=\"post-29313\" class=\"cmsmasters_profile_horizontal one_fourth post-29313 profile type-profile status-publish has-post-thumbnail hentry pl-categs-equipe-artistique\">\n\t<div class=\"profile_outer\">\n\t<div class=\"cmsmasters_profile_img_wrap\"><figure class=\"cmsmasters_img_rollover_wrap preloader\"><img loading=\"lazy\" decoding=\"async\" width=\"300\" height=\"300\" src=\"https:\/\/www.engrenages.eu\/wp-content\/uploads\/2024\/11\/WE-ARE-Engrenage-HD-Nico-M-Photographe-51-300x300.jpg\" class=\"full-width wp-post-image\" alt=\"Beno\u00eet Rutten\" title=\"WE ARE Engrenage HD - Nico M Photographe-51\" srcset=\"https:\/\/www.engrenages.eu\/wp-content\/uploads\/2024\/11\/WE-ARE-Engrenage-HD-Nico-M-Photographe-51-300x300.jpg 300w, https:\/\/www.engrenages.eu\/wp-content\/uploads\/2024\/11\/WE-ARE-Engrenage-HD-Nico-M-Photographe-51-150x150.jpg 150w, https:\/\/www.engrenages.eu\/wp-content\/uploads\/2024\/11\/WE-ARE-Engrenage-HD-Nico-M-Photographe-51-70x70.jpg 70w, https:\/\/www.engrenages.eu\/wp-content\/uploads\/2024\/11\/WE-ARE-Engrenage-HD-Nico-M-Photographe-51-360x360.jpg 360w, https:\/\/www.engrenages.eu\/wp-content\/uploads\/2024\/11\/WE-ARE-Engrenage-HD-Nico-M-Photographe-51-580x580.jpg 580w\" sizes=\"auto, (max-width: 300px) 100vw, 300px\"><div class=\"cmsmasters_img_rollover\"><a href=\"https:\/\/www.engrenages.eu\/en\/profil\/benoit-rutten\/\" title=\"Beno\u00eet Rutten\" class=\"cmsmasters_open_post_link cmsmasters_theme_icon_post_link\"><\/a><\/div><\/figure><\/div><div class=\"profile_inner\"><header class=\"cmsmasters_profile_header entry-header\"><h4 class=\"cmsmasters_profile_title entry-title\"><a href=\"https:\/\/www.engrenages.eu\/en\/profil\/benoit-rutten\/\">Beno\u00eet Rutten<\/a><\/h4><h6 class=\"cmsmasters_profile_subtitle\">Batteur, percussionniste et artiste de rue <\/h6><\/header><\/div>\t<\/div>\n<\/article>\n<!-- Finish Profile Horizontal Article -->\n\n<\/div>\n<\/div><\/div>\n<\/div>\n<\/div>\n<\/div>\n<\/div>\n<\/div>\n\n","protected":false},"excerpt":{"rendered":"","protected":false},"author":2,"featured_media":24524,"parent":0,"menu_order":0,"comment_status":"closed","ping_status":"closed","template":"","meta":{"wp_typography_post_enhancements_disabled":false,"footnotes":""},"class_list":["post-25963","page","type-page","status-publish","has-post-thumbnail","hentry"],"yoast_head":"<!-- This site is optimized with the Yoast SEO plugin v27.4 - https:\/\/yoast.com\/product\/yoast-seo-wordpress\/ -->\n<title>Project leaders - Engrenage[s], G\u00e9n\u00e9rateur de projets artistiques \u00e0 Rennes<\/title>\n<meta name=\"robots\" content=\"index, follow, max-snippet:-1, max-image-preview:large, max-video-preview:-1\" \/>\n<link rel=\"canonical\" href=\"https:\/\/www.engrenages.eu\/en\/project-leaders\/\" \/>\n<meta property=\"og:locale\" content=\"en_US\" \/>\n<meta property=\"og:type\" content=\"article\" \/>\n<meta property=\"og:title\" content=\"Project leaders - Engrenage[s], G\u00e9n\u00e9rateur de projets artistiques \u00e0 Rennes\" \/>\n<meta property=\"og:url\" content=\"https:\/\/www.engrenages.eu\/en\/project-leaders\/\" \/>\n<meta property=\"og:site_name\" content=\"Engrenage[s]\" \/>\n<meta property=\"article:publisher\" content=\"https:\/\/www.facebook.com\/engrenagesrennes\" \/>\n<meta property=\"article:modified_time\" content=\"2024-11-21T16:37:22+00:00\" \/>\n<meta property=\"og:image\" content=\"https:\/\/www.engrenages.eu\/wp-content\/uploads\/2017\/12\/FPLR2017_jeudi_diapason_battle-xperiment-\u00a9-Nico-M.jpg\" \/>\n\t<meta property=\"og:image:width\" content=\"1280\" \/>\n\t<meta property=\"og:image:height\" content=\"640\" \/>\n\t<meta property=\"og:image:type\" content=\"image\/jpeg\" \/>\n<meta name=\"twitter:card\" content=\"summary_large_image\" \/>\n<meta name=\"twitter:label1\" content=\"Est. reading time\" \/>\n\t<meta name=\"twitter:data1\" content=\"1 minute\" \/>\n<script type=\"application\/ld+json\" class=\"yoast-schema-graph\">{\"@context\":\"https:\\\/\\\/schema.org\",\"@graph\":[{\"@type\":\"WebPage\",\"@id\":\"https:\\\/\\\/www.engrenages.eu\\\/en\\\/project-leaders\\\/\",\"url\":\"https:\\\/\\\/www.engrenages.eu\\\/en\\\/project-leaders\\\/\",\"name\":\"Project leaders - Engrenage[s], G\u00e9n\u00e9rateur de projets artistiques \u00e0 Rennes\",\"isPartOf\":{\"@id\":\"https:\\\/\\\/www.engrenages.eu\\\/en\\\/#website\"},\"primaryImageOfPage\":{\"@id\":\"https:\\\/\\\/www.engrenages.eu\\\/en\\\/project-leaders\\\/#primaryimage\"},\"image\":{\"@id\":\"https:\\\/\\\/www.engrenages.eu\\\/en\\\/project-leaders\\\/#primaryimage\"},\"thumbnailUrl\":\"https:\\\/\\\/www.engrenages.eu\\\/wp-content\\\/uploads\\\/2017\\\/12\\\/FPLR2017_jeudi_diapason_battle-xperiment-\u00a9-Nico-M.jpg\",\"datePublished\":\"2018-01-05T13:27:16+00:00\",\"dateModified\":\"2024-11-21T16:37:22+00:00\",\"breadcrumb\":{\"@id\":\"https:\\\/\\\/www.engrenages.eu\\\/en\\\/project-leaders\\\/#breadcrumb\"},\"inLanguage\":\"en-US\",\"potentialAction\":[{\"@type\":\"ReadAction\",\"target\":[\"https:\\\/\\\/www.engrenages.eu\\\/en\\\/project-leaders\\\/\"]}]},{\"@type\":\"ImageObject\",\"inLanguage\":\"en-US\",\"@id\":\"https:\\\/\\\/www.engrenages.eu\\\/en\\\/project-leaders\\\/#primaryimage\",\"url\":\"https:\\\/\\\/www.engrenages.eu\\\/wp-content\\\/uploads\\\/2017\\\/12\\\/FPLR2017_jeudi_diapason_battle-xperiment-\u00a9-Nico-M.jpg\",\"contentUrl\":\"https:\\\/\\\/www.engrenages.eu\\\/wp-content\\\/uploads\\\/2017\\\/12\\\/FPLR2017_jeudi_diapason_battle-xperiment-\u00a9-Nico-M.jpg\",\"width\":1280,\"height\":640},{\"@type\":\"BreadcrumbList\",\"@id\":\"https:\\\/\\\/www.engrenages.eu\\\/en\\\/project-leaders\\\/#breadcrumb\",\"itemListElement\":[{\"@type\":\"ListItem\",\"position\":1,\"name\":\"Home\",\"item\":\"https:\\\/\\\/www.engrenages.eu\\\/en\\\/home\\\/\"},{\"@type\":\"ListItem\",\"position\":2,\"name\":\"Project leaders\"}]},{\"@type\":\"WebSite\",\"@id\":\"https:\\\/\\\/www.engrenages.eu\\\/en\\\/#website\",\"url\":\"https:\\\/\\\/www.engrenages.eu\\\/en\\\/\",\"name\":\"Engrenage[s]\",\"description\":\"G\u00e9n\u00e9rateur de projets artistiques \u00e0 Rennes\",\"publisher\":{\"@id\":\"https:\\\/\\\/www.engrenages.eu\\\/en\\\/#organization\"},\"potentialAction\":[{\"@type\":\"SearchAction\",\"target\":{\"@type\":\"EntryPoint\",\"urlTemplate\":\"https:\\\/\\\/www.engrenages.eu\\\/en\\\/?s={search_term_string}\"},\"query-input\":{\"@type\":\"PropertyValueSpecification\",\"valueRequired\":true,\"valueName\":\"search_term_string\"}}],\"inLanguage\":\"en-US\"},{\"@type\":\"Organization\",\"@id\":\"https:\\\/\\\/www.engrenages.eu\\\/en\\\/#organization\",\"name\":\"Engrenage[s]\",\"url\":\"https:\\\/\\\/www.engrenages.eu\\\/en\\\/\",\"logo\":{\"@type\":\"ImageObject\",\"inLanguage\":\"en-US\",\"@id\":\"https:\\\/\\\/www.engrenages.eu\\\/en\\\/#\\\/schema\\\/logo\\\/image\\\/\",\"url\":\"https:\\\/\\\/www.engrenages.eu\\\/wp-content\\\/uploads\\\/2017\\\/08\\\/logo-retina.png\",\"contentUrl\":\"https:\\\/\\\/www.engrenages.eu\\\/wp-content\\\/uploads\\\/2017\\\/08\\\/logo-retina.png\",\"width\":400,\"height\":100,\"caption\":\"Engrenage[s]\"},\"image\":{\"@id\":\"https:\\\/\\\/www.engrenages.eu\\\/en\\\/#\\\/schema\\\/logo\\\/image\\\/\"},\"sameAs\":[\"https:\\\/\\\/www.facebook.com\\\/engrenagesrennes\",\"https:\\\/\\\/www.instagram.com\\\/engrenages_rennes\\\/\",\"https:\\\/\\\/www.youtube.com\\\/user\\\/compagnieengrenage\"]}]}<\/script>\n<!-- \/ Yoast SEO plugin. -->","yoast_head_json":{"title":"Project leaders - Engrenage[s], G\u00e9n\u00e9rateur de projets artistiques \u00e0 Rennes","robots":{"index":"index","follow":"follow","max-snippet":"max-snippet:-1","max-image-preview":"max-image-preview:large","max-video-preview":"max-video-preview:-1"},"canonical":"https:\/\/www.engrenages.eu\/en\/project-leaders\/","og_locale":"en_US","og_type":"article","og_title":"Project leaders - Engrenage[s], G\u00e9n\u00e9rateur de projets artistiques \u00e0 Rennes","og_url":"https:\/\/www.engrenages.eu\/en\/project-leaders\/","og_site_name":"Engrenage[s]","article_publisher":"https:\/\/www.facebook.com\/engrenagesrennes","article_modified_time":"2024-11-21T16:37:22+00:00","og_image":[{"width":1280,"height":640,"url":"https:\/\/www.engrenages.eu\/wp-content\/uploads\/2017\/12\/FPLR2017_jeudi_diapason_battle-xperiment-\u00a9-Nico-M.jpg","type":"image\/jpeg"}],"twitter_card":"summary_large_image","twitter_misc":{"Est. reading time":"1 minute"},"schema":{"@context":"https:\/\/schema.org","@graph":[{"@type":"WebPage","@id":"https:\/\/www.engrenages.eu\/en\/project-leaders\/","url":"https:\/\/www.engrenages.eu\/en\/project-leaders\/","name":"Project leaders - Engrenage[s], G\u00e9n\u00e9rateur de projets artistiques \u00e0 Rennes","isPartOf":{"@id":"https:\/\/www.engrenages.eu\/en\/#website"},"primaryImageOfPage":{"@id":"https:\/\/www.engrenages.eu\/en\/project-leaders\/#primaryimage"},"image":{"@id":"https:\/\/www.engrenages.eu\/en\/project-leaders\/#primaryimage"},"thumbnailUrl":"https:\/\/www.engrenages.eu\/wp-content\/uploads\/2017\/12\/FPLR2017_jeudi_diapason_battle-xperiment-\u00a9-Nico-M.jpg","datePublished":"2018-01-05T13:27:16+00:00","dateModified":"2024-11-21T16:37:22+00:00","breadcrumb":{"@id":"https:\/\/www.engrenages.eu\/en\/project-leaders\/#breadcrumb"},"inLanguage":"en-US","potentialAction":[{"@type":"ReadAction","target":["https:\/\/www.engrenages.eu\/en\/project-leaders\/"]}]},{"@type":"ImageObject","inLanguage":"en-US","@id":"https:\/\/www.engrenages.eu\/en\/project-leaders\/#primaryimage","url":"https:\/\/www.engrenages.eu\/wp-content\/uploads\/2017\/12\/FPLR2017_jeudi_diapason_battle-xperiment-\u00a9-Nico-M.jpg","contentUrl":"https:\/\/www.engrenages.eu\/wp-content\/uploads\/2017\/12\/FPLR2017_jeudi_diapason_battle-xperiment-\u00a9-Nico-M.jpg","width":1280,"height":640},{"@type":"BreadcrumbList","@id":"https:\/\/www.engrenages.eu\/en\/project-leaders\/#breadcrumb","itemListElement":[{"@type":"ListItem","position":1,"name":"Home","item":"https:\/\/www.engrenages.eu\/en\/home\/"},{"@type":"ListItem","position":2,"name":"Project leaders"}]},{"@type":"WebSite","@id":"https:\/\/www.engrenages.eu\/en\/#website","url":"https:\/\/www.engrenages.eu\/en\/","name":"Engrenage[s]","description":"G\u00e9n\u00e9rateur de projets artistiques \u00e0 Rennes","publisher":{"@id":"https:\/\/www.engrenages.eu\/en\/#organization"},"potentialAction":[{"@type":"SearchAction","target":{"@type":"EntryPoint","urlTemplate":"https:\/\/www.engrenages.eu\/en\/?s={search_term_string}"},"query-input":{"@type":"PropertyValueSpecification","valueRequired":true,"valueName":"search_term_string"}}],"inLanguage":"en-US"},{"@type":"Organization","@id":"https:\/\/www.engrenages.eu\/en\/#organization","name":"Engrenage[s]","url":"https:\/\/www.engrenages.eu\/en\/","logo":{"@type":"ImageObject","inLanguage":"en-US","@id":"https:\/\/www.engrenages.eu\/en\/#\/schema\/logo\/image\/","url":"https:\/\/www.engrenages.eu\/wp-content\/uploads\/2017\/08\/logo-retina.png","contentUrl":"https:\/\/www.engrenages.eu\/wp-content\/uploads\/2017\/08\/logo-retina.png","width":400,"height":100,"caption":"Engrenage[s]"},"image":{"@id":"https:\/\/www.engrenages.eu\/en\/#\/schema\/logo\/image\/"},"sameAs":["https:\/\/www.facebook.com\/engrenagesrennes","https:\/\/www.instagram.com\/engrenages_rennes\/","https:\/\/www.youtube.com\/user\/compagnieengrenage"]}]}},"_links":{"self":[{"href":"https:\/\/www.engrenages.eu\/en\/wp-json\/wp\/v2\/pages\/25963","targetHints":{"allow":["GET"]}}],"collection":[{"href":"https:\/\/www.engrenages.eu\/en\/wp-json\/wp\/v2\/pages"}],"about":[{"href":"https:\/\/www.engrenages.eu\/en\/wp-json\/wp\/v2\/types\/page"}],"author":[{"embeddable":true,"href":"https:\/\/www.engrenages.eu\/en\/wp-json\/wp\/v2\/users\/2"}],"replies":[{"embeddable":true,"href":"https:\/\/www.engrenages.eu\/en\/wp-json\/wp\/v2\/comments?post=25963"}],"version-history":[{"count":0,"href":"https:\/\/www.engrenages.eu\/en\/wp-json\/wp\/v2\/pages\/25963\/revisions"}],"wp:featuredmedia":[{"embeddable":true,"href":"https:\/\/www.engrenages.eu\/en\/wp-json\/wp\/v2\/media\/24524"}],"wp:attachment":[{"href":"https:\/\/www.engrenages.eu\/en\/wp-json\/wp\/v2\/media?parent=25963"}],"curies":[{"name":"wp","href":"https:\/\/api.w.org\/{rel}","templated":true}]}}