{"id":24576,"date":"2018-07-16T16:58:23","date_gmt":"2018-07-16T14:58:23","guid":{"rendered":"https:\/\/www.engrenages.eu\/?page_id=24576"},"modified":"2023-01-17T19:12:14","modified_gmt":"2023-01-17T18:12:14","slug":"privacy-policy","status":"publish","type":"page","link":"https:\/\/www.engrenages.eu\/en\/privacy-policy\/","title":{"rendered":"Privacy Policy"},"content":{"rendered":"<div id=\"cmsmasters_row_vaj0dc06cl\" class=\"cmsmasters_row cmsmasters_color_scheme_default cmsmasters_row_top_default cmsmasters_row_bot_default cmsmasters_row_boxed\">\n<div class=\"cmsmasters_row_outer_parent\">\n<div class=\"cmsmasters_row_outer\">\n<div class=\"cmsmasters_row_inner\">\n<div class=\"cmsmasters_row_margin\">\n<div id=\"cmsmasters_column_2hiox6jctp\" class=\"cmsmasters_column one_first\">\n<div class=\"cmsmasters_column_inner\"><div class=\"cmsmasters_text\">\n<p>Cette Poli\u00adtique de confi\u00adden\u00adtia\u00adli\u00adt\u00e9 pr\u00e9\u00adcise le type d\u2019in\u00adfor\u00adma\u00adtions que nous recueillons lors de votre navi\u00adga\u00adtion sur notre site, par voie de for\u00admu\u00adlaire (I) et par voie auto\u00adma\u00adti\u00ads\u00e9e (II), et la fa\u00e7on dont nous les uti\u00adli\u00adsons.<\/p>\n<p>L\u2019<strong>Asso\u00adcia\u00adtion cultu\u00adrelle Engrenage[s]<\/strong> s\u2019en\u00adgage \u00e0 ce que la col\u00adlecte et le trai\u00adte\u00adment de vos don\u00adn\u00e9es, effec\u00adtu\u00e9s \u00e0 par\u00adtir du site <a href=\"https:\/\/www.engrenages.eu\">www.engrenages.eu<\/a> soient conformes aux lois et r\u00e9gle\u00admen\u00adta\u00adtions appli\u00adcables tels que la loi Infor\u00adma\u00adtique et Liber\u00adt\u00e9s n\u00b0 78\u201317 du 6 jan\u00advier 1978 et la direc\u00adtive euro\u00adp\u00e9enne 95\/46\/CE (R\u00e8gle\u00adment G\u00e9n\u00e9\u00adral sur la Pro\u00adtec\u00adtion des Don\u00adn\u00e9es&nbsp;: RGPD).<\/p>\n<\/div>\n<\/div><\/div>\n<\/div>\n<\/div>\n<\/div>\n<\/div>\n<\/div>\n<div id=\"cmsmasters_row_l6dd66byp8\" class=\"cmsmasters_row cmsmasters_color_scheme_default cmsmasters_row_top_default cmsmasters_row_bot_default cmsmasters_row_boxed\">\n<div class=\"cmsmasters_row_outer_parent\">\n<div class=\"cmsmasters_row_outer\">\n<div class=\"cmsmasters_row_inner\">\n<div class=\"cmsmasters_row_margin\">\n<div id=\"cmsmasters_column_063akiyemb\" class=\"cmsmasters_column one_third\">\n<div class=\"cmsmasters_column_inner\"><div class=\"cmsmasters_text\">\n<h2>I. Les informations collect\u00e9es par voie de formulaire<\/h2>\n<p>Sur le site, chaque ques\u00adtion\u00adnaire limite la col\u00adlecte des don\u00adn\u00e9es per\u00adson\u00adnelles au stricte n\u00e9ces\u00adsaire, vous indique quelles don\u00adn\u00e9es sont obli\u00adga\u00adtoires et quelles don\u00adn\u00e9es sont facul\u00adta\u00adtives, vous informe de vos droits et des des\u00adti\u00adna\u00adtaires des don\u00adn\u00e9es et b\u00e9n\u00e9\u00adfi\u00adcie d\u2019une infor\u00adma\u00adtion claire concer\u00adnant les fina\u00adli\u00adt\u00e9s de trai\u00adte\u00adment de ces don\u00adn\u00e9es.<\/p>\n<h3>Quelles sont les donn\u00e9es personnelles collect\u00e9es&nbsp;?<\/h3>\n<p>Lorsque vous nous contac\u00adtez via le for\u00admu\u00adlaire de la page \u00ab&nbsp;Contact&nbsp;\u00bb, nous ne rece\u00advons que les infor\u00adma\u00adtions per\u00adson\u00adnelles que vous avez four\u00adnies&nbsp;: votre nom, votre e\u2011mail et les \u00e9l\u00e9\u00adments conte\u00adnus dans votre mes\u00adsage.<\/p>\n<p>Lorsque vous vous abon\u00adnez \u00e0 notre news\u00adlet\u00adter via le for\u00admu\u00adlaire dis\u00adpo\u00adnible en bas de page, nous ne recueillons que votre adresse email.<\/p>\n<p>Lorsque vous navi\u00adguez sur notre site, nous rece\u00advons \u00e9ga\u00adle\u00adment auto\u00adma\u00adti\u00adque\u00adment l\u2019adresse de pro\u00adto\u00adcole Inter\u00adnet (adresse IP) de votre ordi\u00adna\u00adteur, qui nous per\u00admet d\u2019obtenir plus de d\u00e9tails au sujet du navi\u00adga\u00adteur et du sys\u00adt\u00e8me d\u2019exploitation que vous uti\u00adli\u00adsez.<\/p>\n<h3>Quelles sont les finalit\u00e9s de traitement de vos donn\u00e9es&nbsp;?<\/h3>\n<p>Ces don\u00adn\u00e9es per\u00adson\u00adnelles col\u00adlec\u00adt\u00e9es par voie de for\u00admu\u00adlaire peuvent \u00eatre uti\u00adli\u00ads\u00e9es \u00e0 des fins de&nbsp;:<\/p>\n<ul>\n<li>ges\u00adtion des demandes via le for\u00admu\u00adlaire \u00ab&nbsp;Contact&nbsp;\u00bb<\/li>\n<li>mise \u00e0 dis\u00adpo\u00adsi\u00adtion d\u2019outils de par\u00adtage sur les r\u00e9seaux sociaux<\/li>\n<li>ges\u00adtion d\u2019ins\u00adcrip\u00adtion \u00e0 la news\u00adlet\u00adter<\/li>\n<li>per\u00adson\u00adna\u00adli\u00adsa\u00adtion du site selon les affi\u00adni\u00adt\u00e9s de l\u2019U\u00adti\u00adli\u00adsa\u00adteur<\/li>\n<\/ul>\n<h3>Quelles sont les personnes habilit\u00e9es \u00e0 traiter vos donn\u00e9es et destinataires des informations&nbsp;?<\/h3>\n<p>Vos don\u00adn\u00e9es per\u00adson\u00adnelles sont exclu\u00adsi\u00adve\u00adment des\u00adti\u00adn\u00e9es \u00e0 \u00eatre exploi\u00adt\u00e9es par l\u2019<strong>Asso\u00adcia\u00adtion cultu\u00adrelle Engrenage[s]<\/strong> et sont sto\u00adck\u00e9es en France, dans les bases de don\u00adn\u00e9es des ser\u00adveurs de la soci\u00e9\u00adt\u00e9 OVH. Vos don\u00adn\u00e9es per\u00adson\u00adnelles ne sont, en aucun cas, ven\u00addues ou lou\u00e9es \u00e0 des tiers.<\/p>\n<h3>Recevrez-vous de la prospection commerciale&nbsp;?<\/h3>\n<p>Sous r\u00e9serve de votre abon\u00adne\u00adment \u00e0 notre news\u00adlet\u00adter men\u00adsuelle, vous \u00eates sus\u00adcep\u00adtibles de rece\u00advoir des mes\u00adsages \u00e0 carac\u00adt\u00e8re infor\u00adma\u00adtif por\u00adtant sur nos pres\u00adta\u00adtions artis\u00adtiques et l\u2019a\u00adgen\u00adda de la struc\u00adture par voie \u00e9lec\u00adtro\u00adnique, uni\u00adque\u00adment.<\/p>\n<p>Vous pou\u00advez vous d\u00e9s\u00adins\u00adcrire de la liste de dif\u00adfu\u00adsion de notre news\u00adlet\u00adter \u00e0 tout moment en cli\u00adquant sur le lien pr\u00e9\u00adsent au sein de chaque email envoy\u00e9 ou en adres\u00adsant un email \u00e0 l\u2019adresses sui\u00advante&nbsp;: <a href=\"mailto:contact@engrenages.eu\">contact@engrenages.eu<\/a>.<\/p>\n<\/div>\n<\/div><\/div>\n<div id=\"cmsmasters_column_94kxe0kizj\" class=\"cmsmasters_column one_third\">\n<div class=\"cmsmasters_column_inner\"><div class=\"cmsmasters_text\">\n<h3>Quels sont vos droits&nbsp;?<\/h3>\n<p>Confor\u00adm\u00e9\u00adment aux dis\u00adpo\u00adsi\u00adtions de la loi Infor\u00adma\u00adtique et Liber\u00adt\u00e9s n\u00b078\u201317 du 6 jan\u00advier 1978, modi\u00adfi\u00e9e en 2016, vous dis\u00adpo\u00adsez d\u2019un droit d\u2019acc\u00e8s et de rec\u00adti\u00adfi\u00adca\u00adtion des don\u00adn\u00e9es vous concer\u00adnant ain\u00adsi que d\u2019un droit d\u2019opposition au trai\u00adte\u00adment de vos don\u00adn\u00e9es. Ces droits peuvent s\u2019exercer en adres\u00adsant un email \u00e0 l\u2019adresses sui\u00advante&nbsp;: <a href=\"mailto:contact@engrenages.eu\">contact@engrenages.eu<\/a>.<\/p>\n<p>Vous dis\u00adpo\u00adsez \u00e9ga\u00adle\u00adment du droit d\u2019organiser le sort de vos don\u00adn\u00e9es post-mor\u00adtem et du droit d\u2019introduire une r\u00e9cla\u00adma\u00adtion aupr\u00e8s de la CNIL.<\/p>\n<h3>Quelle est la dur\u00e9e de conservation de vos donn\u00e9es&nbsp;?<\/h3>\n<p>Au-del\u00e0 d\u2019une dur\u00e9e de 3 ans sui\u00advant l\u2019inscription \u00e0 notre news\u00adlet\u00adter, les comptes seront consi\u00add\u00e9\u00adr\u00e9s comme inac\u00adtifs. Au terme de ce d\u00e9lai, les don\u00adn\u00e9es rela\u00adtives au compte inac\u00adtif seront sup\u00adpri\u00adm\u00e9es ou ano\u00adny\u00admi\u00ads\u00e9es de mani\u00e8re irr\u00e9\u00adver\u00adsible. Nous vous aver\u00adti\u00adrons par tous les moyens dis\u00adpo\u00adnibles avant de pro\u00adc\u00e9\u00adder \u00e0 cette sup\u00adpres\u00adsion ou cette ano\u00adny\u00admi\u00adsa\u00adtion et vous don\u00adne\u00adrons la pos\u00adsi\u00adbi\u00adli\u00adt\u00e9 de mani\u00adfes\u00adter votre volon\u00adt\u00e9 contraire.<\/p>\n<h3>Comment prot\u00e9geons-nous vos donn\u00e9es personnelles&nbsp;?<\/h3>\n<p>Les don\u00adn\u00e9es per\u00adson\u00adnelles recueillies sur le site sont trans\u00admises et conser\u00adv\u00e9es selon des pro\u00adto\u00adcoles s\u00e9cu\u00adri\u00ads\u00e9s SSL. Des mesures de s\u00e9cu\u00adri\u00adt\u00e9 admi\u00adnis\u00adtra\u00adtives, tech\u00adniques et phy\u00adsiques ont \u00e9t\u00e9 mises en place, visant \u00e0 pro\u00adt\u00e9\u00adger les don\u00adn\u00e9es per\u00adson\u00adnelles que nous col\u00adlec\u00adtons sur ce site contre toute uti\u00adli\u00adsa\u00adtion non auto\u00adri\u00ads\u00e9e, divul\u00adga\u00adtion, modi\u00adfi\u00adca\u00adtion ou sup\u00adpres\u00adsion.<\/p>\n<h3>Qui contacter pour avoir plus d\u2019informations&nbsp;?<\/h3>\n<p>Si vous sou\u00adhai\u00adtez&nbsp;: acc\u00e9\u00adder \u00e0, cor\u00adri\u00adger, modi\u00adfier ou sup\u00adpri\u00admer toute infor\u00adma\u00adtion per\u00adson\u00adnelle que nous avons \u00e0 votre sujet, d\u00e9po\u00adser une plainte, ou si vous sou\u00adhai\u00adtez sim\u00adple\u00adment avoir plus d\u2019informations, contac\u00adtez notre agent res\u00adpon\u00adsable des normes de confi\u00adden\u00adtia\u00adli\u00adt\u00e9 \u00e0 <a href=\"mailto:contact@engrenages.eu\">contact@engrenages.eu<\/a> ou par cour\u00adrier \u00e0&nbsp;l\u2019<strong>Asso\u00adcia\u00adtion cultu\u00adrelle Engrenage[s]<\/strong> \u2013 26 Rue L\u00e9on Ricot\u00adtier \u2013 35000 Rennes.<\/p>\n<\/div>\n<div id=\"cmsmasters_divider_80e7m2lq5q\" class=\"cmsmasters_divider cmsmasters_divider_width_long cmsmasters_divider_pos_center\"><\/div>\n<div class=\"cmsmasters_text\">\n<h2>II. Les Informations collect\u00e9es par voie automatis\u00e9e<\/h2>\n<p>Nous uti\u00adli\u00adsons dif\u00adf\u00e9\u00adrents cookies sur le site pour am\u00e9\u00adlio\u00adrer l\u2019interactivit\u00e9 du site et nos ser\u00advices, par\u00adta\u00adger du conte\u00adnu, etc\u2026 Un cookie est une infor\u00adma\u00adtion d\u00e9po\u00ads\u00e9e sur votre disque dur par le ser\u00adveur du site que vous visi\u00adtez. Trois grandes cat\u00e9\u00adgo\u00adries de cookies sont pr\u00e9\u00adsentes sur le site&nbsp;: (i) les cookies n\u00e9ces\u00adsaires au site pour fonc\u00adtion\u00adner, (ii) les cookies de mesure d\u2019audience et (iii) les cookies tiers des\u00adti\u00adn\u00e9s \u00e0 am\u00e9\u00adlio\u00adrer l\u2019interactivit\u00e9 du site.<\/p>\n<\/div>\n<\/div><\/div>\n<div id=\"cmsmasters_column_ozz8p6el1l\" class=\"cmsmasters_column one_third\">\n<div class=\"cmsmasters_column_inner\"><div class=\"cmsmasters_text\">\n<h4>i) Les cookies n\u00e9cessaires au site pour fonctionner<\/h4>\n<p>Ils per\u00admettent au site de fonc\u00adtion\u00adner de mani\u00e8re opti\u00admale. Sans ces cookies n\u00e9ces\u00adsaires, la navi\u00adga\u00adtion de base et cer\u00adtaines fonc\u00adtions essen\u00adtielles peuvent \u00eatre blo\u00adqu\u00e9es.<\/p>\n<p><strong>Nom du Cookie<\/strong>&nbsp;: wordpress_test_cookie<strong><br>\nFina\u00adli\u00adt\u00e9<\/strong>&nbsp;: Uti\u00adli\u00ads\u00e9 pour v\u00e9ri\u00adfier si le navi\u00adga\u00adteur de l\u2019u\u00adti\u00adli\u00adsa\u00adteur accepte les cookies.<strong><br>\nDur\u00e9e de conser\u00adva\u00adtion<\/strong>&nbsp;:&nbsp;ses\u00adsion<\/p>\n<p><strong>Nom du Cookie<\/strong>&nbsp;:&nbsp;Cookie_ue<br>\n<strong>Fina\u00adli\u00adt\u00e9<\/strong>&nbsp;:&nbsp;Affi\u00adchage d\u2019un mes\u00adsage pr\u00e9\u00adve\u00adnant de l\u2019utilisation des cookies<br>\n<strong>Dur\u00e9e de conser\u00adva\u00adtion<\/strong>&nbsp;: 1 mois<\/p>\n<h4>ii) Les cookies de mesure d\u2019audience<\/h4>\n<p>Ils per\u00admettent d\u2019\u00e9tablir des sta\u00adtis\u00adtiques et volumes de fr\u00e9\u00adquen\u00adta\u00adtion et d\u2019u\u00adti\u00adli\u00adsa\u00adtion des divers \u00e9l\u00e9\u00adments com\u00adpo\u00adsant le site (rubriques et conte\u00adnus visi\u00adt\u00e9s, par\u00adcours), per\u00admet\u00adtant l\u2019in\u00adt\u00e9\u00adr\u00eat et l\u2019er\u00adgo\u00adno\u00admie de leurs ser\u00advices mais aus\u00adsi de vous pro\u00adpo\u00adser des conte\u00adnus \u00e9di\u00adto\u00adriaux adap\u00adt\u00e9s \u00e0 vos centres d\u2019int\u00e9r\u00eats.<\/p>\n<p><strong>Nom du Cookie<\/strong>&nbsp;: Google Ana\u00adly\u00adtics<br>\n<strong>Fina\u00adli\u00adt\u00e9<\/strong>&nbsp;: Sta\u00adtis\u00adtiques de sui\u00advi<br>\n<strong>Dur\u00e9e de conser\u00adva\u00adtion<\/strong>&nbsp;: 13 mois<\/p>\n<h4>iii) Les cookies tiers destin\u00e9s \u00e0 am\u00e9liorer l\u2019interactivit\u00e9 du site<\/h4>\n<p>Le site s\u2019appuie sur les bou\u00adtons de par\u00adtage Face\u00adbook, Google+ et Twit\u00adter, pro\u00adpo\u00ads\u00e9s par les r\u00e9seaux sociaux et des vid\u00e9os dif\u00adfu\u00ads\u00e9es sur des sites de&nbsp;vision\u00adnage en ligne (You\u00adtube, Dai\u00adly\u00admo\u00adtion et Vimeo).<\/p>\n<h5>Comment configurer les cookies&nbsp;?<\/h5>\n<p>Lors de votre pre\u00admi\u00e8re visite sur notre site, un ban\u00addeau vous informe de la pr\u00e9\u00adsence des cookies et vous invite \u00e0 indi\u00adquer votre choix. Ils ne sont d\u00e9po\u00ads\u00e9s que si vous les accep\u00adtez ou que vous pour\u00adsui\u00advez votre navi\u00adga\u00adtion sur le site en visi\u00adtant une seconde page du site. Vous pou\u00advez vous oppo\u00adser \u00e0 l\u2019en\u00adre\u00adgis\u00adtre\u00adment de cookies, \u00e0 tout moment gr\u00e2ce au para\u00adm\u00e9\u00adtrage de votre navi\u00adga\u00adteur.<\/p>\n<p>Tout para\u00adm\u00e9\u00adtrage que vous pou\u00advez entre\u00adprendre sera sus\u00adcep\u00adtible de modi\u00adfier votre navi\u00adga\u00adtion et vos condi\u00adtions d\u2019ac\u00adc\u00e8s \u00e0 cer\u00adtains ser\u00advices n\u00e9ces\u00adsi\u00adtant l\u2019u\u00adti\u00adli\u00adsa\u00adtion de cookies.<\/p>\n<ul>\n<li><a href=\"https:\/\/support.google.com\/chrome\/answer\/95647?hl=fr\" target=\"_blank\" rel=\"noopener\">Chrome<\/a><\/li>\n<li><a href=\"https:\/\/support.mozilla.org\/fr\/kb\/activer-desactiver-cookies\" target=\"_blank\" rel=\"noopener\">Fire\u00adfox<\/a><\/li>\n<li><a href=\"https:\/\/support.microsoft.com\/fr-fr\/help\/17442\/windows-internet-explorer-delete-manage-cookies#ie=ie-11\" target=\"_blank\" rel=\"noopener\">Inter\u00adnet Explo\u00adrer<\/a><\/li>\n<li><a href=\"https:\/\/privacy.microsoft.com\/fr-fr\/windows-10-microsoft-edge-and-privacy\" target=\"_blank\" rel=\"noopener\">Micro\u00adsoft Edge<\/a><\/li>\n<li><a href=\"http:\/\/help.opera.com\/Windows\/10.20\/fr\/cookies.html\" target=\"_blank\" rel=\"noopener\">Ope\u00adra<\/a><\/li>\n<li><a href=\"https:\/\/support.apple.com\/kb\/PH21411?viewlocale=fr_FR&amp;locale=fr_FR\" target=\"_blank\" rel=\"noopener\">Safa\u00adri<\/a><\/li>\n<\/ul>\n<p>Pour de plus amples infor\u00adma\u00adtions concer\u00adnant les outils de ma\u00ee\u00adtrise des cookies, vous pou\u00advez consul\u00adter le site inter\u00adnet de la CNIL&nbsp;: <a href=\"https:\/\/www.cnil.fr\/fr\/cookies-les-outils-pour-les-maitriser\" target=\"_blank\" rel=\"noopener\">https:\/\/www.cnil.fr\/fr\/cookies-les-outils-pour-les-maitriser<\/a>.<\/p>\n<\/div>\n<\/div><\/div>\n<\/div>\n<\/div>\n<\/div>\n<\/div>\n<\/div>\n\n","protected":false},"excerpt":{"rendered":"","protected":false},"author":3,"featured_media":24262,"parent":0,"menu_order":0,"comment_status":"closed","ping_status":"closed","template":"","meta":{"wp_typography_post_enhancements_disabled":false,"footnotes":""},"class_list":["post-24576","page","type-page","status-publish","has-post-thumbnail","hentry"],"yoast_head":"<!-- This site is optimized with the Yoast SEO plugin v27.4 - https:\/\/yoast.com\/product\/yoast-seo-wordpress\/ -->\n<title>Privacy Policy - Engrenage[s], G\u00e9n\u00e9rateur de projets artistiques \u00e0 Rennes<\/title>\n<meta name=\"robots\" content=\"index, follow, max-snippet:-1, max-image-preview:large, max-video-preview:-1\" \/>\n<link rel=\"canonical\" href=\"https:\/\/www.engrenages.eu\/en\/privacy-policy\/\" \/>\n<meta property=\"og:locale\" content=\"en_US\" \/>\n<meta property=\"og:type\" content=\"article\" \/>\n<meta property=\"og:title\" content=\"Privacy Policy - Engrenage[s], G\u00e9n\u00e9rateur de projets artistiques \u00e0 Rennes\" \/>\n<meta property=\"og:url\" content=\"https:\/\/www.engrenages.eu\/en\/privacy-policy\/\" \/>\n<meta property=\"og:site_name\" content=\"Engrenage[s]\" \/>\n<meta property=\"article:publisher\" content=\"https:\/\/www.facebook.com\/engrenagesrennes\" \/>\n<meta property=\"article:modified_time\" content=\"2023-01-17T18:12:14+00:00\" \/>\n<meta property=\"og:image\" content=\"https:\/\/www.engrenages.eu\/wp-content\/uploads\/2017\/04\/header.jpg\" \/>\n\t<meta property=\"og:image:width\" content=\"1200\" \/>\n\t<meta property=\"og:image:height\" content=\"600\" \/>\n\t<meta property=\"og:image:type\" content=\"image\/jpeg\" \/>\n<meta name=\"twitter:card\" content=\"summary_large_image\" \/>\n<meta name=\"twitter:label1\" content=\"Est. reading time\" \/>\n\t<meta name=\"twitter:data1\" content=\"6 minutes\" \/>\n<script type=\"application\/ld+json\" class=\"yoast-schema-graph\">{\"@context\":\"https:\\\/\\\/schema.org\",\"@graph\":[{\"@type\":\"WebPage\",\"@id\":\"https:\\\/\\\/www.engrenages.eu\\\/en\\\/privacy-policy\\\/\",\"url\":\"https:\\\/\\\/www.engrenages.eu\\\/en\\\/privacy-policy\\\/\",\"name\":\"Privacy Policy - Engrenage[s], G\u00e9n\u00e9rateur de projets artistiques \u00e0 Rennes\",\"isPartOf\":{\"@id\":\"https:\\\/\\\/www.engrenages.eu\\\/en\\\/#website\"},\"primaryImageOfPage\":{\"@id\":\"https:\\\/\\\/www.engrenages.eu\\\/en\\\/privacy-policy\\\/#primaryimage\"},\"image\":{\"@id\":\"https:\\\/\\\/www.engrenages.eu\\\/en\\\/privacy-policy\\\/#primaryimage\"},\"thumbnailUrl\":\"https:\\\/\\\/www.engrenages.eu\\\/wp-content\\\/uploads\\\/2017\\\/04\\\/header.jpg\",\"datePublished\":\"2018-07-16T14:58:23+00:00\",\"dateModified\":\"2023-01-17T18:12:14+00:00\",\"breadcrumb\":{\"@id\":\"https:\\\/\\\/www.engrenages.eu\\\/en\\\/privacy-policy\\\/#breadcrumb\"},\"inLanguage\":\"en-US\",\"potentialAction\":[{\"@type\":\"ReadAction\",\"target\":[\"https:\\\/\\\/www.engrenages.eu\\\/en\\\/privacy-policy\\\/\"]}]},{\"@type\":\"ImageObject\",\"inLanguage\":\"en-US\",\"@id\":\"https:\\\/\\\/www.engrenages.eu\\\/en\\\/privacy-policy\\\/#primaryimage\",\"url\":\"https:\\\/\\\/www.engrenages.eu\\\/wp-content\\\/uploads\\\/2017\\\/04\\\/header.jpg\",\"contentUrl\":\"https:\\\/\\\/www.engrenages.eu\\\/wp-content\\\/uploads\\\/2017\\\/04\\\/header.jpg\",\"width\":1200,\"height\":600},{\"@type\":\"BreadcrumbList\",\"@id\":\"https:\\\/\\\/www.engrenages.eu\\\/en\\\/privacy-policy\\\/#breadcrumb\",\"itemListElement\":[{\"@type\":\"ListItem\",\"position\":1,\"name\":\"Home\",\"item\":\"https:\\\/\\\/www.engrenages.eu\\\/en\\\/home\\\/\"},{\"@type\":\"ListItem\",\"position\":2,\"name\":\"Privacy Policy\"}]},{\"@type\":\"WebSite\",\"@id\":\"https:\\\/\\\/www.engrenages.eu\\\/en\\\/#website\",\"url\":\"https:\\\/\\\/www.engrenages.eu\\\/en\\\/\",\"name\":\"Engrenage[s]\",\"description\":\"G\u00e9n\u00e9rateur de projets artistiques \u00e0 Rennes\",\"publisher\":{\"@id\":\"https:\\\/\\\/www.engrenages.eu\\\/en\\\/#organization\"},\"potentialAction\":[{\"@type\":\"SearchAction\",\"target\":{\"@type\":\"EntryPoint\",\"urlTemplate\":\"https:\\\/\\\/www.engrenages.eu\\\/en\\\/?s={search_term_string}\"},\"query-input\":{\"@type\":\"PropertyValueSpecification\",\"valueRequired\":true,\"valueName\":\"search_term_string\"}}],\"inLanguage\":\"en-US\"},{\"@type\":\"Organization\",\"@id\":\"https:\\\/\\\/www.engrenages.eu\\\/en\\\/#organization\",\"name\":\"Engrenage[s]\",\"url\":\"https:\\\/\\\/www.engrenages.eu\\\/en\\\/\",\"logo\":{\"@type\":\"ImageObject\",\"inLanguage\":\"en-US\",\"@id\":\"https:\\\/\\\/www.engrenages.eu\\\/en\\\/#\\\/schema\\\/logo\\\/image\\\/\",\"url\":\"https:\\\/\\\/www.engrenages.eu\\\/wp-content\\\/uploads\\\/2017\\\/08\\\/logo-retina.png\",\"contentUrl\":\"https:\\\/\\\/www.engrenages.eu\\\/wp-content\\\/uploads\\\/2017\\\/08\\\/logo-retina.png\",\"width\":400,\"height\":100,\"caption\":\"Engrenage[s]\"},\"image\":{\"@id\":\"https:\\\/\\\/www.engrenages.eu\\\/en\\\/#\\\/schema\\\/logo\\\/image\\\/\"},\"sameAs\":[\"https:\\\/\\\/www.facebook.com\\\/engrenagesrennes\",\"https:\\\/\\\/www.instagram.com\\\/engrenages_rennes\\\/\",\"https:\\\/\\\/www.youtube.com\\\/user\\\/compagnieengrenage\"]}]}<\/script>\n<!-- \/ Yoast SEO plugin. -->","yoast_head_json":{"title":"Privacy Policy - Engrenage[s], G\u00e9n\u00e9rateur de projets artistiques \u00e0 Rennes","robots":{"index":"index","follow":"follow","max-snippet":"max-snippet:-1","max-image-preview":"max-image-preview:large","max-video-preview":"max-video-preview:-1"},"canonical":"https:\/\/www.engrenages.eu\/en\/privacy-policy\/","og_locale":"en_US","og_type":"article","og_title":"Privacy Policy - Engrenage[s], G\u00e9n\u00e9rateur de projets artistiques \u00e0 Rennes","og_url":"https:\/\/www.engrenages.eu\/en\/privacy-policy\/","og_site_name":"Engrenage[s]","article_publisher":"https:\/\/www.facebook.com\/engrenagesrennes","article_modified_time":"2023-01-17T18:12:14+00:00","og_image":[{"width":1200,"height":600,"url":"https:\/\/www.engrenages.eu\/wp-content\/uploads\/2017\/04\/header.jpg","type":"image\/jpeg"}],"twitter_card":"summary_large_image","twitter_misc":{"Est. reading time":"6 minutes"},"schema":{"@context":"https:\/\/schema.org","@graph":[{"@type":"WebPage","@id":"https:\/\/www.engrenages.eu\/en\/privacy-policy\/","url":"https:\/\/www.engrenages.eu\/en\/privacy-policy\/","name":"Privacy Policy - Engrenage[s], G\u00e9n\u00e9rateur de projets artistiques \u00e0 Rennes","isPartOf":{"@id":"https:\/\/www.engrenages.eu\/en\/#website"},"primaryImageOfPage":{"@id":"https:\/\/www.engrenages.eu\/en\/privacy-policy\/#primaryimage"},"image":{"@id":"https:\/\/www.engrenages.eu\/en\/privacy-policy\/#primaryimage"},"thumbnailUrl":"https:\/\/www.engrenages.eu\/wp-content\/uploads\/2017\/04\/header.jpg","datePublished":"2018-07-16T14:58:23+00:00","dateModified":"2023-01-17T18:12:14+00:00","breadcrumb":{"@id":"https:\/\/www.engrenages.eu\/en\/privacy-policy\/#breadcrumb"},"inLanguage":"en-US","potentialAction":[{"@type":"ReadAction","target":["https:\/\/www.engrenages.eu\/en\/privacy-policy\/"]}]},{"@type":"ImageObject","inLanguage":"en-US","@id":"https:\/\/www.engrenages.eu\/en\/privacy-policy\/#primaryimage","url":"https:\/\/www.engrenages.eu\/wp-content\/uploads\/2017\/04\/header.jpg","contentUrl":"https:\/\/www.engrenages.eu\/wp-content\/uploads\/2017\/04\/header.jpg","width":1200,"height":600},{"@type":"BreadcrumbList","@id":"https:\/\/www.engrenages.eu\/en\/privacy-policy\/#breadcrumb","itemListElement":[{"@type":"ListItem","position":1,"name":"Home","item":"https:\/\/www.engrenages.eu\/en\/home\/"},{"@type":"ListItem","position":2,"name":"Privacy Policy"}]},{"@type":"WebSite","@id":"https:\/\/www.engrenages.eu\/en\/#website","url":"https:\/\/www.engrenages.eu\/en\/","name":"Engrenage[s]","description":"G\u00e9n\u00e9rateur de projets artistiques \u00e0 Rennes","publisher":{"@id":"https:\/\/www.engrenages.eu\/en\/#organization"},"potentialAction":[{"@type":"SearchAction","target":{"@type":"EntryPoint","urlTemplate":"https:\/\/www.engrenages.eu\/en\/?s={search_term_string}"},"query-input":{"@type":"PropertyValueSpecification","valueRequired":true,"valueName":"search_term_string"}}],"inLanguage":"en-US"},{"@type":"Organization","@id":"https:\/\/www.engrenages.eu\/en\/#organization","name":"Engrenage[s]","url":"https:\/\/www.engrenages.eu\/en\/","logo":{"@type":"ImageObject","inLanguage":"en-US","@id":"https:\/\/www.engrenages.eu\/en\/#\/schema\/logo\/image\/","url":"https:\/\/www.engrenages.eu\/wp-content\/uploads\/2017\/08\/logo-retina.png","contentUrl":"https:\/\/www.engrenages.eu\/wp-content\/uploads\/2017\/08\/logo-retina.png","width":400,"height":100,"caption":"Engrenage[s]"},"image":{"@id":"https:\/\/www.engrenages.eu\/en\/#\/schema\/logo\/image\/"},"sameAs":["https:\/\/www.facebook.com\/engrenagesrennes","https:\/\/www.instagram.com\/engrenages_rennes\/","https:\/\/www.youtube.com\/user\/compagnieengrenage"]}]}},"_links":{"self":[{"href":"https:\/\/www.engrenages.eu\/en\/wp-json\/wp\/v2\/pages\/24576","targetHints":{"allow":["GET"]}}],"collection":[{"href":"https:\/\/www.engrenages.eu\/en\/wp-json\/wp\/v2\/pages"}],"about":[{"href":"https:\/\/www.engrenages.eu\/en\/wp-json\/wp\/v2\/types\/page"}],"author":[{"embeddable":true,"href":"https:\/\/www.engrenages.eu\/en\/wp-json\/wp\/v2\/users\/3"}],"replies":[{"embeddable":true,"href":"https:\/\/www.engrenages.eu\/en\/wp-json\/wp\/v2\/comments?post=24576"}],"version-history":[{"count":0,"href":"https:\/\/www.engrenages.eu\/en\/wp-json\/wp\/v2\/pages\/24576\/revisions"}],"wp:featuredmedia":[{"embeddable":true,"href":"https:\/\/www.engrenages.eu\/en\/wp-json\/wp\/v2\/media\/24262"}],"wp:attachment":[{"href":"https:\/\/www.engrenages.eu\/en\/wp-json\/wp\/v2\/media?parent=24576"}],"curies":[{"name":"wp","href":"https:\/\/api.w.org\/{rel}","templated":true}]}}